{"id":10,"date":"2016-06-08T19:00:28","date_gmt":"2016-06-08T17:00:28","guid":{"rendered":"http:\/\/calculemus.org\/fi2\/?page_id=10"},"modified":"2016-08-02T09:25:48","modified_gmt":"2016-08-02T07:25:48","slug":"terminy","status":"publish","type":"page","link":"https:\/\/calculemus.org\/fi2\/terminy\/","title":{"rendered":"Terminy"},"content":{"rendered":"<p class=\"western\" align=\"justify\">Uprzejmie prosimy o <b>nadsy\u0142anie zg\u0142osze\u0144 na konferencj\u0119 <\/b>pod adres: <span style=\"color: #000080;\"><a href=\"mailto:phil.computing@upjp2.edu.pl\" target=\"_blank\">phil.computing@upjp2.edu.pl<\/a><\/span> <b>do dnia 30 wrze\u015bnia 2016 r<\/b>. Wraz ze zg\u0142oszeniem prosimy o podanie tematu planowanego wyst\u0105pienia i za\u0142\u0105czenie kr\u00f3tkiego streszczenia. Po akceptacji referatu prze\u015blemy dalsze informacje organizacyjne.<\/p>\n<p class=\"western\" align=\"justify\">Wzorem poprzedniego roku planujemy przed konferencj\u0105 rozpocz\u0105\u0107 dyskusj\u0119 \u201ew sieci\u201d, zatem prosimy o nadsy\u0142anie <b>do dnia 15 pa\u017adziernika 2016 r.<\/b> wst\u0119pnej wersji tekstu lub rozszerzonego streszczenia (do 1000 s\u0142\u00f3w, format ODT, DOC albo DOCX)<b> <\/b>planowanego wyst\u0105pienia. Abstrakty zostan\u0105 zamieszczone na stronie\u00a0 internetowej.<\/p>\n<p>Op\u0142at\u0119 konferencyjn\u0105<strong>,<\/strong> wynosz\u0105c\u0105 300 z\u0142<strong>,<\/strong> nale\u017cy ui\u015bci\u0107 <strong>do dnia 15 pa\u017adziernika 2016 r<\/strong>. przelewem na konto:<br \/>\n<em>Uniwersytet Papieski Jana Paw\u0142a II w Krakowie, ul. Kanonicza 25, 31-002 Krak\u00f3w<\/em><br \/>\n<em>numer konta: 12 1060 0076 0000 3210 0016 0117 (bank BPH)<\/em><br \/>\nW tytule przelewu nale\u017cy wpisa\u0107:<br \/>\n<em>Filozofia w Informatyce 2016, imi\u0119 i nazwisko uczestnika<\/em>.<\/p>\n","protected":false},"excerpt":{"rendered":"<p>Uprzejmie prosimy o nadsy\u0142anie zg\u0142osze\u0144 na konferencj\u0119 pod adres: phil.computing@upjp2.edu.pl do dnia 30 wrze\u015bnia 2016 r. Wraz ze zg\u0142oszeniem prosimy o podanie tematu planowanego wyst\u0105pienia i za\u0142\u0105czenie kr\u00f3tkiego streszczenia. Po akceptacji referatu prze\u015blemy dalsze informacje organizacyjne. Wzorem poprzedniego roku planujemy &hellip; <a href=\"https:\/\/calculemus.org\/fi2\/terminy\/\">Czytaj dalej <span class=\"meta-nav\">&rarr;<\/span><\/a><\/p>\n","protected":false},"author":1,"featured_media":0,"parent":0,"menu_order":0,"comment_status":"closed","ping_status":"closed","template":"onecolumn-page.php","meta":[],"_links":{"self":[{"href":"https:\/\/calculemus.org\/fi2\/wp-json\/wp\/v2\/pages\/10"}],"collection":[{"href":"https:\/\/calculemus.org\/fi2\/wp-json\/wp\/v2\/pages"}],"about":[{"href":"https:\/\/calculemus.org\/fi2\/wp-json\/wp\/v2\/types\/page"}],"author":[{"embeddable":true,"href":"https:\/\/calculemus.org\/fi2\/wp-json\/wp\/v2\/users\/1"}],"replies":[{"embeddable":true,"href":"https:\/\/calculemus.org\/fi2\/wp-json\/wp\/v2\/comments?post=10"}],"version-history":[{"count":9,"href":"https:\/\/calculemus.org\/fi2\/wp-json\/wp\/v2\/pages\/10\/revisions"}],"predecessor-version":[{"id":75,"href":"https:\/\/calculemus.org\/fi2\/wp-json\/wp\/v2\/pages\/10\/revisions\/75"}],"wp:attachment":[{"href":"https:\/\/calculemus.org\/fi2\/wp-json\/wp\/v2\/media?parent=10"}],"curies":[{"name":"wp","href":"https:\/\/api.w.org\/{rel}","templated":true}]}}