{"id":104,"date":"2016-10-23T17:38:50","date_gmt":"2016-10-23T15:38:50","guid":{"rendered":"http:\/\/calculemus.org\/fi2\/?page_id=104"},"modified":"2016-10-23T17:38:50","modified_gmt":"2016-10-23T15:38:50","slug":"i-bondecka-krzykowska","status":"publish","type":"page","link":"https:\/\/calculemus.org\/fi2\/i-bondecka-krzykowska\/","title":{"rendered":"Izabela Bondecka-Krzykowska (UAM)<br><i>Dualna natura program\u00f3w komputerowych<\/i>"},"content":{"rendered":"<p>Jedn\u0105 z podstawowych dzia\u0142alno\u015bci informatyk\u00f3w jest szeroko rozumiane tworzenie program\u00f3w, realizuj\u0105cych okre\u015blone algorytmy. Wyst\u0105pienie po\u015bwi\u0119cone zostanie jednemu z najcz\u0119\u015bciej dyskutowanych problem\u00f3w ontologicznych zwi\u0105zanych z programami komputerowymi, a mianowicie ich dualnej naturze. Jest ona wyra\u017cana stwierdzeniem, nazywanym dwuznaczno\u015bci\u0105 Fetzera, \u017ce program mo\u017cna rozumie\u0107 zar\u00f3wno jako ci\u0105g instrukcji zapisanych w j\u0119zyku programowania (byt abstrakcyjny), jak i jako proces, czyli wykonanie kodu \u017ar\u00f3d\u0142owego na maszynie fizycznej.<\/p>\n<p>Przedstawione zostan\u0105 r\u00f3\u017cne propozycje traktowania program\u00f3w komputerowych: od byt\u00f3w matematycznych, poprzez koncepcj\u0119 programu jako cyfrowego wzorca (stworzon\u0105 przez Subera),\u00a0 a\u017c po rozumienie ich jako obiekt\u00f3w quasi-partykularnych (przypominaj\u0105cych utwory muzyczne).<\/p>\n<p>Dualna natura program\u00f3w komputerowych stawia w nowym \u015bwietle klasyczne problemy filozofii, takie jak zwi\u0105zek pomi\u0119dzy umys\u0142em a cia\u0142em czy te\u017c podzia\u0142 byt\u00f3w na abstrakcyjne i konkretne. Programy mo\u017cna bowiem traktowa\u0107 jako obiekty o szczeg\u00f3lnym statusie ontologicznym, kt\u00f3re nie s\u0105 ani konkretne, ani abstrakcyjne.<\/p>\n","protected":false},"excerpt":{"rendered":"<p>Jedn\u0105 z podstawowych dzia\u0142alno\u015bci informatyk\u00f3w jest szeroko rozumiane tworzenie program\u00f3w, realizuj\u0105cych okre\u015blone algorytmy. Wyst\u0105pienie po\u015bwi\u0119cone zostanie jednemu z najcz\u0119\u015bciej dyskutowanych problem\u00f3w ontologicznych zwi\u0105zanych z programami komputerowymi, a mianowicie ich dualnej naturze. Jest ona wyra\u017cana stwierdzeniem, nazywanym dwuznaczno\u015bci\u0105 Fetzera, \u017ce program &hellip; <a href=\"https:\/\/calculemus.org\/fi2\/i-bondecka-krzykowska\/\">Czytaj dalej <span class=\"meta-nav\">&rarr;<\/span><\/a><\/p>\n","protected":false},"author":2,"featured_media":0,"parent":0,"menu_order":0,"comment_status":"closed","ping_status":"closed","template":"onecolumn-page.php","meta":[],"_links":{"self":[{"href":"https:\/\/calculemus.org\/fi2\/wp-json\/wp\/v2\/pages\/104"}],"collection":[{"href":"https:\/\/calculemus.org\/fi2\/wp-json\/wp\/v2\/pages"}],"about":[{"href":"https:\/\/calculemus.org\/fi2\/wp-json\/wp\/v2\/types\/page"}],"author":[{"embeddable":true,"href":"https:\/\/calculemus.org\/fi2\/wp-json\/wp\/v2\/users\/2"}],"replies":[{"embeddable":true,"href":"https:\/\/calculemus.org\/fi2\/wp-json\/wp\/v2\/comments?post=104"}],"version-history":[{"count":1,"href":"https:\/\/calculemus.org\/fi2\/wp-json\/wp\/v2\/pages\/104\/revisions"}],"predecessor-version":[{"id":105,"href":"https:\/\/calculemus.org\/fi2\/wp-json\/wp\/v2\/pages\/104\/revisions\/105"}],"wp:attachment":[{"href":"https:\/\/calculemus.org\/fi2\/wp-json\/wp\/v2\/media?parent=104"}],"curies":[{"name":"wp","href":"https:\/\/api.w.org\/{rel}","templated":true}]}}