{"id":12,"date":"2016-06-08T19:00:46","date_gmt":"2016-06-08T17:00:46","guid":{"rendered":"http:\/\/calculemus.org\/fi2\/?page_id=12"},"modified":"2016-06-19T22:55:35","modified_gmt":"2016-06-19T20:55:35","slug":"kontakt","status":"publish","type":"page","link":"https:\/\/calculemus.org\/fi2\/kontakt\/","title":{"rendered":"Kontakt"},"content":{"rendered":"<p class=\"western\" align=\"justify\">W razie jakichkolwiek pyta\u0144 prosimy o kontakt z <strong>sekretarzem konferencji<\/strong> dr. in\u017c. Romanem M.\u00a0Krzanowskim (<a href=\"mailto:phil.computing@upjp2.edu.pl\">phil.computing@upjp2.edu.pl<\/a>)<\/p>\n<p>W sk\u0142ad <strong>Rady Naukowej<\/strong> Konferencji wchodz\u0105:<br \/>\n\u2666\u00a0\u00a0 dr hab. Pawe\u0142 Polak (UPJPII)<br \/>\n\u2666\u00a0\u00a0 dr hab. Adam Olszewski, prof. UPJPII (UPJPII)<br \/>\n\u2666\u00a0\u00a0 dr Robert Janusz (Akademia Ignatianum)<\/p>\n<p>Za <strong>stron\u0119 internetow\u0105<\/strong> Konferencji odpowiadaj\u0105:<br \/>\n\u2666 \u00a0 dr in\u017c. Pawe\u0142 Stacewicz i Jaros\u0142aw Soko\u0142owski (Politechnika Warszawska)<\/p>\n","protected":false},"excerpt":{"rendered":"<p>W razie jakichkolwiek pyta\u0144 prosimy o kontakt z sekretarzem konferencji dr. in\u017c. Romanem M.\u00a0Krzanowskim (phil.computing@upjp2.edu.pl) W sk\u0142ad Rady Naukowej Konferencji wchodz\u0105: \u2666\u00a0\u00a0 dr hab. Pawe\u0142 Polak (UPJPII) \u2666\u00a0\u00a0 dr hab. Adam Olszewski, prof. UPJPII (UPJPII) \u2666\u00a0\u00a0 dr Robert Janusz (Akademia &hellip; <a href=\"https:\/\/calculemus.org\/fi2\/kontakt\/\">Czytaj dalej <span class=\"meta-nav\">&rarr;<\/span><\/a><\/p>\n","protected":false},"author":1,"featured_media":0,"parent":0,"menu_order":0,"comment_status":"closed","ping_status":"closed","template":"onecolumn-page.php","meta":[],"_links":{"self":[{"href":"https:\/\/calculemus.org\/fi2\/wp-json\/wp\/v2\/pages\/12"}],"collection":[{"href":"https:\/\/calculemus.org\/fi2\/wp-json\/wp\/v2\/pages"}],"about":[{"href":"https:\/\/calculemus.org\/fi2\/wp-json\/wp\/v2\/types\/page"}],"author":[{"embeddable":true,"href":"https:\/\/calculemus.org\/fi2\/wp-json\/wp\/v2\/users\/1"}],"replies":[{"embeddable":true,"href":"https:\/\/calculemus.org\/fi2\/wp-json\/wp\/v2\/comments?post=12"}],"version-history":[{"count":4,"href":"https:\/\/calculemus.org\/fi2\/wp-json\/wp\/v2\/pages\/12\/revisions"}],"predecessor-version":[{"id":64,"href":"https:\/\/calculemus.org\/fi2\/wp-json\/wp\/v2\/pages\/12\/revisions\/64"}],"wp:attachment":[{"href":"https:\/\/calculemus.org\/fi2\/wp-json\/wp\/v2\/media?parent=12"}],"curies":[{"name":"wp","href":"https:\/\/api.w.org\/{rel}","templated":true}]}}