{"id":121,"date":"2016-10-23T18:21:38","date_gmt":"2016-10-23T16:21:38","guid":{"rendered":"http:\/\/calculemus.org\/fi2\/?page_id=121"},"modified":"2017-02-01T21:43:11","modified_gmt":"2017-02-01T20:43:11","slug":"r-krzanowski","status":"publish","type":"page","link":"https:\/\/calculemus.org\/fi2\/r-krzanowski\/","title":{"rendered":"Roman Krzanowski (UPJPII)<br><i>Czym jest informacyjny realizm strukturalny?<\/i>"},"content":{"rendered":"<p>Celem prezentacji jest analiza koncepcji informacyjnego realizmu strukturalnego (IRS).<\/p>\n<p>Informacyjny realizm strukturalny(IRS) jest terminem jeszcze rzadko spotykanym, jakkolwiek cz\u0119sto mo\u017cna znale\u017a\u0107 po\u015brednie odniesienia do tej koncepcji.<br \/>\nW pr\u00f3bie ustalenia zakresu znaczenia terminu IRS mo\u017cna wyj\u015b\u0107 od poj\u0119cia realizmu strukturalnego (RS) tak jak jest on rozumiany dzi\u015b i doda\u0107 do poj\u0119cia struktury zdefiniowanego w RS, poj\u0119cie informacji. Takie podej\u015bcie skazywa\u0142o by nas jednak na przyj\u0119cie jednej z koncepcji RS (na przyk\u0142ad ontologiczny czy epistemiczny) kt\u00f3ra by narzuca\u0142a ramy interpretacji istoty informacji, struktury i ich wsp\u00f3\u0142zale\u017cno\u015bci.<\/p>\n<p>Drugim sposobem okre\u015blenia znaczenia IRS by\u0142o by wyj\u015bcie od bada\u0144 nad informacj\u0105 i jej istot\u0105 i na tej podstawie sformu\u0142owanie interpretacji ISR. Prace Hellera (w kt\u00f3rych opisuje matematyczn\u0105 wersj\u0119 IRS) i Floridiego (kt\u00f3re mo\u017cna okre\u015bli\u0107 jako informacyjn\u0105 wersj\u0119 IRS) wydaj\u0105 si\u0119 tu dobrym miejscem do zapocz\u0105tkowania takiej dyskusji.<br \/>\nWyj\u015bcie od bada\u0144 nad informacja narzuca\u0142oby pewien model zrozumienia struktury i jej roli w obrazie \u015bwiata, potencjalnie do\u015b\u0107 odmienny od poj\u0119\u0107 struktury i interpretacji jej funkcji zdefiniowanymi w badaniach nad realizmem strukturalnym. Tak te\u017c wydaje si\u0119, \u017ce te dwie drogi interpretacji IRS, jedna wychodz\u0105ca od bada\u0144 nad istot\u0105 strutury w naturze a druga od bada\u0144 nad istot\u0105 informacji, nie s\u0105 zbie\u017cne mimo pozornego podobie\u0144stwa terminologii. Mo\u017cna by wi\u0119c postawi\u0107 tez\u0119, \u017ce informacyjny realizm strukturalny nie mo\u017ce by\u0107 rozumiany jako wersja realizmu strukturalnego i musi by\u0107 zdefiniowany jako nowe poj\u0119cie.<\/p>\n<p>Interpretacja Informacyjnego realizmu strukturalnego, kt\u00f3r\u0105 w tej pracy chc\u0119 zdefiniowa\u0107 i uzasadni\u0107 to model natury, w kt\u00f3rym informacja jest okre\u015bleniem 'zjawisk&#8217; statycznych (czy dynamicznych) w naturze, obserwowalnych przez struktury czy formy. Struktura czy forma, cokolwiek by to by\u0142o, by\u0142aby tu przejawem istnienia informacji jako czynnika nadaj\u0105cego t\u0119 a nie inn\u0105 posta\u0107 temu co jest. Informacja jest w tej interpretacji obiektywnym, realnym (informacyjny realizm) \u2018zjawiskiem\u2019 (lub czynnikiem) a nie poj\u0119ciem abstrakcyjnym, i przejawia si\u0119 w strukturach fizycznych obserwowalnych lub identyfikowalnych (realizm strukturalny). Taka koncepcja informacji jest sugerowana w wielu badaniach w kt\u00f3rych informacja jest traktowana jako element rzeczywisto\u015bci, ujawniaj\u0105cy si\u0119 w strukturach-formach i poznawalny, na r\u00f3wni z energi\u0105, czy energi\u0105-materi\u0105 (Gitt, Wiener, Hidalgo, Turek, Stonier).<\/p>\n<p>Samo poj\u0119cie struktury wymaga dok\u0142adnego okre\u015blenia co jak si\u0119 oka\u017ce nie jest takie oczywiste- proponowane definicje (w badaniach nad RS) oparte na teorii mnogo\u015bci i zdaniach Ramsey\u2019a nie s\u0105 bezproblemowe. Ciekawe s\u0105 tu polskie propozycje np. niezmiennik\u00f3w Hellera czy koncepcja struktury W\u00f3jcickiego maj\u0105ca swoje korzenie w pracach Carnapa i Ramsey\u2019a. Rodzi si\u0119 pytanie jak te definicje, akceptowane w RS, spe\u0142niaj\u0105 wymogi IRS.<\/p>\n<p>IRS w proponowanym uj\u0119ciu by\u0142oby wi\u0119c poj\u0119ciem, kt\u00f3re by \u0142\u0105czy\u0142o intuicyjne rozumienie informacji (jako czynnika przejawiaj\u0105cego si\u0119 w formach) z modelami natury formu\u0142owanymi przez wsp\u00f3\u0142czesna nauk\u0119 (Heller i inni) bez odnoszenia si\u0119 do poj\u0119\u0107 z zakresu informatyki jak u Floridiego, jako nauki (w tym kontek\u015bcie) raczej nie o znaczeniu podstawowym, wi\u0119c o ni\u017cszym priorytecie ontologicznym (jakkolwiek kwestia fundamentalno\u015bci informatyki nie jest tu rozstrzygana).<\/p>\n<p><strong>MATERIA\u0141Y DO DYSKUSJI<\/strong><\/p>\n<p>1)\u00a0 <a href=\"http:\/\/calculemus.org\/fi2\/wp-content\/uploads\/2017\/02\/InformacyjnyRealizmStrukturalnyShort_A.pdf\" target=\"_blank\">Slajdy do referatu<\/a><\/p>\n","protected":false},"excerpt":{"rendered":"<p>Celem prezentacji jest analiza koncepcji informacyjnego realizmu strukturalnego (IRS). Informacyjny realizm strukturalny(IRS) jest terminem jeszcze rzadko spotykanym, jakkolwiek cz\u0119sto mo\u017cna znale\u017a\u0107 po\u015brednie odniesienia do tej koncepcji. W pr\u00f3bie ustalenia zakresu znaczenia terminu IRS mo\u017cna wyj\u015b\u0107 od poj\u0119cia realizmu strukturalnego (RS) &hellip; <a href=\"https:\/\/calculemus.org\/fi2\/r-krzanowski\/\">Czytaj dalej <span class=\"meta-nav\">&rarr;<\/span><\/a><\/p>\n","protected":false},"author":2,"featured_media":0,"parent":0,"menu_order":0,"comment_status":"open","ping_status":"closed","template":"onecolumn-page.php","meta":[],"_links":{"self":[{"href":"https:\/\/calculemus.org\/fi2\/wp-json\/wp\/v2\/pages\/121"}],"collection":[{"href":"https:\/\/calculemus.org\/fi2\/wp-json\/wp\/v2\/pages"}],"about":[{"href":"https:\/\/calculemus.org\/fi2\/wp-json\/wp\/v2\/types\/page"}],"author":[{"embeddable":true,"href":"https:\/\/calculemus.org\/fi2\/wp-json\/wp\/v2\/users\/2"}],"replies":[{"embeddable":true,"href":"https:\/\/calculemus.org\/fi2\/wp-json\/wp\/v2\/comments?post=121"}],"version-history":[{"count":5,"href":"https:\/\/calculemus.org\/fi2\/wp-json\/wp\/v2\/pages\/121\/revisions"}],"predecessor-version":[{"id":207,"href":"https:\/\/calculemus.org\/fi2\/wp-json\/wp\/v2\/pages\/121\/revisions\/207"}],"wp:attachment":[{"href":"https:\/\/calculemus.org\/fi2\/wp-json\/wp\/v2\/media?parent=121"}],"curies":[{"name":"wp","href":"https:\/\/api.w.org\/{rel}","templated":true}]}}