{"id":129,"date":"2016-10-23T18:53:02","date_gmt":"2016-10-23T16:53:02","guid":{"rendered":"http:\/\/calculemus.org\/fi2\/?page_id=129"},"modified":"2016-10-23T18:53:02","modified_gmt":"2016-10-23T16:53:02","slug":"k-mamak","status":"publish","type":"page","link":"https:\/\/calculemus.org\/fi2\/k-mamak\/","title":{"rendered":"Kamil Mamak (UPJPII, UJ)<br><i>O intuicyjnym poj\u0119ciu funkcji<\/i>"},"content":{"rendered":"<p>Roboty staj\u0105 si\u0119 cz\u0119\u015bci\u0105 otaczaj\u0105cej nas rzeczywisto\u015bci i z roku na rok jest ich coraz wi\u0119cej. Wykonuj\u0105 prace, kt\u00f3re wcze\u015bniej zarezerwowane by\u0142y dla cz\u0142owieka. Z racji na swoj\u0105 niezawodno\u015b\u0107 i mniejsze prawdopodobie\u0144stwo b\u0142\u0119du wykonuj\u0105 tak\u017ce prace zwi\u0105zane z odpowiedzialno\u015bci\u0105 za ludzkie istnienia. Roboty zaczynaj\u0105 zast\u0119powa\u0107 ludzi w prowadzeniu pojazd\u00f3w (autopiloty w samolotach, samodzielnie poruszaj\u0105ce si\u0119 samochody), uczestnicz\u0105 w wojnach (drony i inne roboty militarne), wykonuj\u0105 operacje chirurgiczne (robot da Vinci), opiekuj\u0105 si\u0119 osobami starszymi i niepe\u0142nosprawnymi (care robots). Obok wielkich korzy\u015bci jakie p\u0142yn\u0105 z pomocy robot\u00f3w istniej\u0105 tak\u017ce pewne zagro\u017cenia, kt\u00f3re mog\u0105 mie\u0107 wp\u0142yw na prawo karne, szczeg\u00f3lnie gdy ich b\u0142\u0105d kosztuje \u017cycie cz\u0142owieka. <\/p>\n<p>Roboty nie s\u0105 ju\u017c tylko prostymi narz\u0119dziami (jak n\u00f3\u017c czy bro\u0144 palna), za pomoc\u0105 kt\u00f3rych pope\u0142nia si\u0119 przest\u0119pstwa. S\u0105 du\u017co bardziej z\u0142o\u017cone, a ich autonomia \u201eoddala\u201d  dzia\u0142anie konkretnego cz\u0142owieka od skutku \u201ewyrz\u0105dzonego\u201d przez robota. Kto wi\u0119c odpowiada\u0107 b\u0119dzie za przest\u0119pne skutki dzia\u0142ania robot\u00f3w? W referacie zostan\u0105 przedstawione niekt\u00f3re problemy z zwi\u0105zane z powy\u017cszym zagadnieniem. <\/p>\n","protected":false},"excerpt":{"rendered":"<p>Roboty staj\u0105 si\u0119 cz\u0119\u015bci\u0105 otaczaj\u0105cej nas rzeczywisto\u015bci i z roku na rok jest ich coraz wi\u0119cej. Wykonuj\u0105 prace, kt\u00f3re wcze\u015bniej zarezerwowane by\u0142y dla cz\u0142owieka. Z racji na swoj\u0105 niezawodno\u015b\u0107 i mniejsze prawdopodobie\u0144stwo b\u0142\u0119du wykonuj\u0105 tak\u017ce prace zwi\u0105zane z odpowiedzialno\u015bci\u0105 za &hellip; <a href=\"https:\/\/calculemus.org\/fi2\/k-mamak\/\">Czytaj dalej <span class=\"meta-nav\">&rarr;<\/span><\/a><\/p>\n","protected":false},"author":2,"featured_media":0,"parent":0,"menu_order":0,"comment_status":"closed","ping_status":"closed","template":"onecolumn-page.php","meta":[],"_links":{"self":[{"href":"https:\/\/calculemus.org\/fi2\/wp-json\/wp\/v2\/pages\/129"}],"collection":[{"href":"https:\/\/calculemus.org\/fi2\/wp-json\/wp\/v2\/pages"}],"about":[{"href":"https:\/\/calculemus.org\/fi2\/wp-json\/wp\/v2\/types\/page"}],"author":[{"embeddable":true,"href":"https:\/\/calculemus.org\/fi2\/wp-json\/wp\/v2\/users\/2"}],"replies":[{"embeddable":true,"href":"https:\/\/calculemus.org\/fi2\/wp-json\/wp\/v2\/comments?post=129"}],"version-history":[{"count":1,"href":"https:\/\/calculemus.org\/fi2\/wp-json\/wp\/v2\/pages\/129\/revisions"}],"predecessor-version":[{"id":130,"href":"https:\/\/calculemus.org\/fi2\/wp-json\/wp\/v2\/pages\/129\/revisions\/130"}],"wp:attachment":[{"href":"https:\/\/calculemus.org\/fi2\/wp-json\/wp\/v2\/media?parent=129"}],"curies":[{"name":"wp","href":"https:\/\/api.w.org\/{rel}","templated":true}]}}