{"id":14,"date":"2016-06-08T19:01:08","date_gmt":"2016-06-08T17:01:08","guid":{"rendered":"http:\/\/calculemus.org\/fi2\/?page_id=14"},"modified":"2016-06-20T10:07:26","modified_gmt":"2016-06-20T08:07:26","slug":"miejsce","status":"publish","type":"page","link":"https:\/\/calculemus.org\/fi2\/miejsce\/","title":{"rendered":"Miejsce"},"content":{"rendered":"<p>Konferencja odb\u0119dzie si\u0119 w Krakowie, w budynku <strong>uniwersytetu UPJPII <\/strong>przy ul. Bernardy\u0144skiej 3 (sale konferencyjne b\u0119d\u0105 podane p\u00f3\u017aniej). Budynek jest po\u0142o\u017cony w samym centrum historycznego Krakowa z niezapomnianym widokiem na Wawel (10 min od Rynku i Starego Miasta).<\/p>\n<p>Dojazd z dworca kolejowego \u201cKrak\u00f3w G\u0142\u00f3wny\u201d tramwajem nr 70 (kierunek \u201c\u0141agiewniki\u201d). Inne tramwaje zatrzymuj\u0105ce si\u0119 na tym przystanku jad\u0105ce z innych kierunk\u00f3w to 6, 8, 13, 18.<\/p>\n<p>Link do planu komunikacji w Krakowie: <span style=\"color: #000080;\"><a href=\"http:\/\/www.mapakrakow.pl\/?ir=2&amp;przystanek=Wawel&amp;lang=pl\"><span style=\"font-family: Times New Roman,serif;\"><span lang=\"en-US\">http:\/\/www.mapakrakow.pl\/?ir=2&amp;przystanek=Wawel&amp;lang=pl<\/span><\/span><\/a><\/span><\/p>\n<p>Parking miejski na ulicy Bernardy\u0144skiej tu\u017c przed budynkiem jest p\u0142atny; ilo\u015b\u0107 miejsc ograniczona.<\/p>\n","protected":false},"excerpt":{"rendered":"<p>Konferencja odb\u0119dzie si\u0119 w Krakowie, w budynku uniwersytetu UPJPII przy ul. Bernardy\u0144skiej 3 (sale konferencyjne b\u0119d\u0105 podane p\u00f3\u017aniej). Budynek jest po\u0142o\u017cony w samym centrum historycznego Krakowa z niezapomnianym widokiem na Wawel (10 min od Rynku i Starego Miasta). Dojazd z &hellip; <a href=\"https:\/\/calculemus.org\/fi2\/miejsce\/\">Czytaj dalej <span class=\"meta-nav\">&rarr;<\/span><\/a><\/p>\n","protected":false},"author":1,"featured_media":0,"parent":0,"menu_order":0,"comment_status":"closed","ping_status":"closed","template":"onecolumn-page.php","meta":[],"_links":{"self":[{"href":"https:\/\/calculemus.org\/fi2\/wp-json\/wp\/v2\/pages\/14"}],"collection":[{"href":"https:\/\/calculemus.org\/fi2\/wp-json\/wp\/v2\/pages"}],"about":[{"href":"https:\/\/calculemus.org\/fi2\/wp-json\/wp\/v2\/types\/page"}],"author":[{"embeddable":true,"href":"https:\/\/calculemus.org\/fi2\/wp-json\/wp\/v2\/users\/1"}],"replies":[{"embeddable":true,"href":"https:\/\/calculemus.org\/fi2\/wp-json\/wp\/v2\/comments?post=14"}],"version-history":[{"count":5,"href":"https:\/\/calculemus.org\/fi2\/wp-json\/wp\/v2\/pages\/14\/revisions"}],"predecessor-version":[{"id":71,"href":"https:\/\/calculemus.org\/fi2\/wp-json\/wp\/v2\/pages\/14\/revisions\/71"}],"wp:attachment":[{"href":"https:\/\/calculemus.org\/fi2\/wp-json\/wp\/v2\/media?parent=14"}],"curies":[{"name":"wp","href":"https:\/\/api.w.org\/{rel}","templated":true}]}}