{"id":141,"date":"2016-10-23T19:20:45","date_gmt":"2016-10-23T17:20:45","guid":{"rendered":"http:\/\/calculemus.org\/fi2\/?page_id=141"},"modified":"2016-10-23T19:20:45","modified_gmt":"2016-10-23T17:20:45","slug":"k-turek","status":"publish","type":"page","link":"https:\/\/calculemus.org\/fi2\/k-turek\/","title":{"rendered":"Krzysztof Turek (AGH)<br><i>Informacja o \u015bwiecie i informacja w \u015bwiecie w \u015bwietle og\u00f3lnej definicji informacji i realizmu strukturalnego<\/i>"},"content":{"rendered":"<p>W do\u015bwiadczeniu potocznym informacj\u0119 o \u015bwiecie zewn\u0119trznym uzyskujemy \u00a0za po\u015brednictwem przestrzennych uk\u0142ad\u00f3w obiekt\u00f3w pojawiaj\u0105cych si\u0119 w \u015bwiadomo\u015bci obserwuj\u0105cych go obserwator\u00f3w. W \u015bwietle og\u00f3lnej definicji informacji sformu\u0142owanej przez Luciano Floridi te nale\u017c\u0105ce do \u015bwiata zjawisk uk\u0142ady s\u0105 \u00a0systemami danych skorelowanymi z systemami \u015bwiata fizycznego a informacj\u0119 stanowi ca\u0142o\u015b\u0107 z\u0142o\u017cona z tych dw\u00f3ch system\u00f3w i korelacji pomi\u0119dzy nimi.<\/p>\n<p>Dane do\u015bwiadczenia potocznego s\u0105 wi\u0119c cz\u0119\u015bci\u0105 potocznej informacji o \u015bwiecie. Naiwny realizm zak\u0142ada, \u017ce dane te s\u0105 wiernym odwzorowaniem \u015bwiata fizycznego. Rozw\u00f3j nauki pokaza\u0142 jednak, \u017ce wnioskowanie o systemie \u015bwiata na podstawie do\u015bwiadczenia potocznego cz\u0119sto prowadzi do fa\u0142szywych konkluzji, kt\u00f3rych jednym z wymownych przyk\u0142ad\u00f3w jest fizyka arystotelesowska. Dlatego nauka stworzy\u0142a inne systemy danych zwane modelami, kt\u00f3re s\u0105\u00a0 lepiej skorelowane z systemami \u015bwiata. Nauka nie m\u00f3wi jednak nic o samych korelacjach pomi\u0119dzy modelami a systemami \u015bwiata. Wyja\u015bnieniem tych zwi\u0105zk\u00f3w zajmuj\u0105 si\u0119 dwie \u015bci\u015ble zwi\u0105zane dziedziny filozofii ontologia i epistemologia.<\/p>\n<p>Mo\u017cna wyci\u0105gn\u0105\u0107 st\u0105d wniosek, \u017ce g\u0142\u0119bsza analiza poj\u0119cia informacji o \u015bwiecie nie mo\u017ce si\u0119 oby\u0107 bez zaanga\u017cowania ontologicznego i epistemologicznego. Zaanga\u017cowanie to z kolei wymaga przekonania, \u017ce mo\u017cemy formu\u0142owa\u0107 sensowne s\u0105dy odnosz\u0105ce si\u0119 nie tylko do \u015bwiata zjawisk, co jest domen\u0105 fizyki, ale r\u00f3wnie\u017c dotycz\u0105ce \u015bwiata zewn\u0119trznego.<\/p>\n<p>Obecnie dla wielu my\u015blicieli podstaw\u0105 do dokonywania takich s\u0105d\u00f3w \u00a0jest realizm strukturalny. Poka\u017cemy, \u017ce na gruncie tej koncepcji filozoficznej mo\u017cna znacz\u0105co u\u015bci\u015bli\u0107 poj\u0119cie informacji <strong>o<\/strong> \u015bwiecie \u00a0oraz zdefiniowa\u0107 niezale\u017cne od obserwatora poj\u0119cie informacji <strong>w<\/strong> \u015bwiecie. Poddana zostanie r\u00f3wnie\u017c analizie zasadno\u015b\u0107 podstawowego aksjomatu og\u00f3lnej definicji informacji, stwierdzaj\u0105cy \u017ce informacja nie mo\u017ce istnie\u0107 bez danych.<\/p>\n","protected":false},"excerpt":{"rendered":"<p>W do\u015bwiadczeniu potocznym informacj\u0119 o \u015bwiecie zewn\u0119trznym uzyskujemy \u00a0za po\u015brednictwem przestrzennych uk\u0142ad\u00f3w obiekt\u00f3w pojawiaj\u0105cych si\u0119 w \u015bwiadomo\u015bci obserwuj\u0105cych go obserwator\u00f3w. W \u015bwietle og\u00f3lnej definicji informacji sformu\u0142owanej przez Luciano Floridi te nale\u017c\u0105ce do \u015bwiata zjawisk uk\u0142ady s\u0105 \u00a0systemami danych skorelowanymi z &hellip; <a href=\"https:\/\/calculemus.org\/fi2\/k-turek\/\">Czytaj dalej <span class=\"meta-nav\">&rarr;<\/span><\/a><\/p>\n","protected":false},"author":2,"featured_media":0,"parent":0,"menu_order":0,"comment_status":"closed","ping_status":"closed","template":"onecolumn-page.php","meta":[],"_links":{"self":[{"href":"https:\/\/calculemus.org\/fi2\/wp-json\/wp\/v2\/pages\/141"}],"collection":[{"href":"https:\/\/calculemus.org\/fi2\/wp-json\/wp\/v2\/pages"}],"about":[{"href":"https:\/\/calculemus.org\/fi2\/wp-json\/wp\/v2\/types\/page"}],"author":[{"embeddable":true,"href":"https:\/\/calculemus.org\/fi2\/wp-json\/wp\/v2\/users\/2"}],"replies":[{"embeddable":true,"href":"https:\/\/calculemus.org\/fi2\/wp-json\/wp\/v2\/comments?post=141"}],"version-history":[{"count":1,"href":"https:\/\/calculemus.org\/fi2\/wp-json\/wp\/v2\/pages\/141\/revisions"}],"predecessor-version":[{"id":142,"href":"https:\/\/calculemus.org\/fi2\/wp-json\/wp\/v2\/pages\/141\/revisions\/142"}],"wp:attachment":[{"href":"https:\/\/calculemus.org\/fi2\/wp-json\/wp\/v2\/media?parent=141"}],"curies":[{"name":"wp","href":"https:\/\/api.w.org\/{rel}","templated":true}]}}