{"id":149,"date":"2016-10-23T19:42:20","date_gmt":"2016-10-23T17:42:20","guid":{"rendered":"http:\/\/calculemus.org\/fi2\/?page_id=149"},"modified":"2016-10-23T19:44:43","modified_gmt":"2016-10-23T17:44:43","slug":"r-siedlinski","status":"publish","type":"page","link":"https:\/\/calculemus.org\/fi2\/r-siedlinski\/","title":{"rendered":"Rados\u0142aw Siedli\u0144ski (PJWSTK)<br><i>O dw\u00f3ch uj\u0119ciach informacji biologicznej: genocentrycznym i rozwojowym<\/i>"},"content":{"rendered":"<p>Wyst\u0105pienie ma na celu prezentacj\u0119 i dyskusj\u0119 dw\u00f3ch radykalnie odmiennych uj\u0119\u0107 informacji biologicznej obecnych w pi\u015b\u009cmiennictwie przedmiotu.<\/p>\n<p>Pierwsze z nich &#8211; opatrzone tu mianem genocentrycznego &#8211; jest znane od lat 50&#8242; XX wieku i funkcjonuje jako powszechna wyk\u0142adnia rozumienia terminu &#8222;informacja biologiczna&#8221;. Jego powstanie zwi\u0105zane jest z inspiracjami p\u0142yn\u0105cymi do biologii z matematycznej teorii informacji oraz informatyki, za\u009c popularno\u009c\u0107 osi\u0105gni\u0119ta zosta\u0142a za spraw\u0105 spektakularnych osi\u0105gni\u0119\u0107 biologii molekularnej i genetyki w II po\u0142. XX wieku. W uj\u0119ciu tym ekskluzywnym no\u009c\u015bnikiem informacji biologicznej jest gen rozumiany jako fragment DNA\/RNA koduj\u0105cy bia\u0142ko. Tak rozumiane geny staj\u0105 si\u0119, przy pewnej interpretacji, w\u0142a\u009c\u015bciwymi podmiotami proces\u00f3w ewolucji, spychaj\u0105c pozagenetyczne elementy uk\u0142adu o\u017cywionego do roli pomocniczej, za\u009c sam uk\u0142ad do roli &#8222;wehiku\u0142u&#8221; maj\u0105cego za cel zapewni\u0107 powielanie materia\u0142u genetycznego.<\/p>\n<p>Z tak w\u0105skim rozumieniem poj\u0119cia informacji biologicznej polemizuje rozwijana od pocz\u0105tku lat 80&#8242; XX stulecia teoria tzw. &#8222;system\u00f3w rozwojowych&#8221; (DST &#8211; Developmental Systems Theory). Traktuje ona materia\u0142 genetyczny wy\u0142\u0105cznie jako jeden z wielu czynnik\u00f3w kszta\u0142tuj\u0105cych rozw\u00f3j z\u0142o\u017conego systemu fizyko-chemicznego jaki zwykli\u009cmy okre\u015b\u009cla\u0107 mianem &#8222;organizmu&#8221;. W uj\u0119ciu DST geny nie mog\u0105 by\u0107 wy\u0142\u0105cznym no\u009c\u015bnikiem informacji biologicznej, poniewa\u017c nie jest ona w og\u00f3le precyzyjnie ulokowana (&#8222;zapisana&#8221;\/&#8221;zakodowana&#8221;) w jakimkolwiek fragmencie \u017cywego organizmu. Jest ona w\u0142asno\u015b\u009cci\u0105 systemow\u0105, rozproszon\u0105, kt\u00f3ra jest raczej dynamicznie konstruowana w procesie rozwoju organizmu, ani\u017celi sztywno zapisana i kopiowana mi\u0119dzy kolejnymi generacjami.<\/p>\n","protected":false},"excerpt":{"rendered":"<p>Wyst\u0105pienie ma na celu prezentacj\u0119 i dyskusj\u0119 dw\u00f3ch radykalnie odmiennych uj\u0119\u0107 informacji biologicznej obecnych w pi\u015b\u009cmiennictwie przedmiotu. Pierwsze z nich &#8211; opatrzone tu mianem genocentrycznego &#8211; jest znane od lat 50&#8242; XX wieku i funkcjonuje jako powszechna wyk\u0142adnia rozumienia terminu &hellip; <a href=\"https:\/\/calculemus.org\/fi2\/r-siedlinski\/\">Czytaj dalej <span class=\"meta-nav\">&rarr;<\/span><\/a><\/p>\n","protected":false},"author":2,"featured_media":0,"parent":0,"menu_order":0,"comment_status":"closed","ping_status":"closed","template":"onecolumn-page.php","meta":[],"_links":{"self":[{"href":"https:\/\/calculemus.org\/fi2\/wp-json\/wp\/v2\/pages\/149"}],"collection":[{"href":"https:\/\/calculemus.org\/fi2\/wp-json\/wp\/v2\/pages"}],"about":[{"href":"https:\/\/calculemus.org\/fi2\/wp-json\/wp\/v2\/types\/page"}],"author":[{"embeddable":true,"href":"https:\/\/calculemus.org\/fi2\/wp-json\/wp\/v2\/users\/2"}],"replies":[{"embeddable":true,"href":"https:\/\/calculemus.org\/fi2\/wp-json\/wp\/v2\/comments?post=149"}],"version-history":[{"count":3,"href":"https:\/\/calculemus.org\/fi2\/wp-json\/wp\/v2\/pages\/149\/revisions"}],"predecessor-version":[{"id":152,"href":"https:\/\/calculemus.org\/fi2\/wp-json\/wp\/v2\/pages\/149\/revisions\/152"}],"wp:attachment":[{"href":"https:\/\/calculemus.org\/fi2\/wp-json\/wp\/v2\/media?parent=149"}],"curies":[{"name":"wp","href":"https:\/\/api.w.org\/{rel}","templated":true}]}}