{"id":163,"date":"2016-10-25T07:18:19","date_gmt":"2016-10-25T05:18:19","guid":{"rendered":"http:\/\/calculemus.org\/fi2\/?page_id=163"},"modified":"2016-10-25T07:26:20","modified_gmt":"2016-10-25T05:26:20","slug":"p-polak","status":"publish","type":"page","link":"https:\/\/calculemus.org\/fi2\/p-polak\/","title":{"rendered":"Pawe\u0142 Polak (UPJPII, CC)<br><i>Informatyka a zagadnienie fundamentalno\u015bci<\/i>"},"content":{"rendered":"<p>W referacie podj\u0119te zostan\u0105 pytania dotycz\u0105ce roli, jak\u0105 informatyka mo\u017ce odegra\u0107 dla refleksji filozoficznej. W szczeg\u00f3lno\u015bci uwaga zostanie skupiona na zagadnieniu, czy dziedzina ta mo\u017ce przyczyni\u0107 si\u0119 do zmian w filozoficznym obrazie rzeczywisto\u015bci. Wydaje si\u0119, \u017ce informatyka zaczyna odgrywa\u0107 rol\u0119 analogiczn\u0105 do tej, jak\u0105 w XVII w. odegra\u0142y teorie mechaniki (zw\u0142aszcza teoria Newtona) a w XIX wieku teorie ewolucji (zw\u0142aszcza teoria Darwina) \u2013 nie tylko pozwoli\u0142y one rozwi\u0105za\u0107 wiele wa\u017cnych zagadnie\u0144 naukowych, ale dostarczy\u0142y filozofom istotnych inspiracji do formu\u0142owania obrazu \u015bwiata na najbardziej podstawowym poziomie.<\/p>\n<p>Punktem wyj\u015bcia b\u0119d\u0105 rozwa\u017cania kwestii, czy informatyka mo\u017ce podzieli\u0107 rol\u0119 XVII-wiecznej mikroskopii, kt\u00f3ra po spektakularnych sukcesach stosunkowo szybko straci\u0142a odr\u0119bno\u015b\u0107 jako specyficzna dyscyplina naukowa. Wydaje si\u0119, \u017ce informatyka mo\u017ce podzieli\u0107 jej los o tyle, \u017ce jako nauka koncentruj\u0105ca si\u0119 wok\u00f3\u0142 specyficznych urz\u0105dze\u0144 i rozwi\u0105za\u0144 jest obecnie wch\u0142aniana przez inne dziedziny lub nawet przez poszczeg\u00f3lne teorie. Z drugiej jednak strony je\u015bli nawet informatyka zostanie ostatecznie wch\u0142oni\u0119ta przez inne dziedziny, to jedno b\u0119dzie r\u00f3\u017cni\u0142o j\u0105 od historycznych poprzedniczek \u2013 patrz\u0105c ze wsp\u00f3\u0142czesnej perspektywy mo\u017cna ju\u017c powiedzie\u0107, \u017ce dokona\u0142a ona gruntownych i powszechnych zmian w obr\u0119bie ca\u0142ej nauki. Zmiany te mo\u017cna zaobserwowa\u0107 zar\u00f3wno na poziomie poj\u0119ciowym jak i metodologicznym. Nosz\u0105 one pewne znamiona zmiany paradygmatycznej, jednak ich zasi\u0119g jest jednym z najszerszych i tylko z trudem mo\u017cna go por\u00f3wna\u0107 ze zmianami wywo\u0142anymi wprowadzeniem i upowszechnieniem metody matematyczno-empirycznej w XVII wieku. Referat b\u0119dzie zatem stanowi\u0142 przyczynek do rozwa\u017ca\u0144 wok\u00f3\u0142 pytania, czy uprawnione jest doszukiwanie si\u0119 wsp\u00f3\u0142cze\u015bnie informatyzmu, jako podstawy wsp\u00f3\u0142czesnego obrazu \u015bwiata?<\/p>\n","protected":false},"excerpt":{"rendered":"<p>W referacie podj\u0119te zostan\u0105 pytania dotycz\u0105ce roli, jak\u0105 informatyka mo\u017ce odegra\u0107 dla refleksji filozoficznej. W szczeg\u00f3lno\u015bci uwaga zostanie skupiona na zagadnieniu, czy dziedzina ta mo\u017ce przyczyni\u0107 si\u0119 do zmian w filozoficznym obrazie rzeczywisto\u015bci. Wydaje si\u0119, \u017ce informatyka zaczyna odgrywa\u0107 rol\u0119 &hellip; <a href=\"https:\/\/calculemus.org\/fi2\/p-polak\/\">Czytaj dalej <span class=\"meta-nav\">&rarr;<\/span><\/a><\/p>\n","protected":false},"author":2,"featured_media":0,"parent":0,"menu_order":0,"comment_status":"closed","ping_status":"closed","template":"onecolumn-page.php","meta":[],"_links":{"self":[{"href":"https:\/\/calculemus.org\/fi2\/wp-json\/wp\/v2\/pages\/163"}],"collection":[{"href":"https:\/\/calculemus.org\/fi2\/wp-json\/wp\/v2\/pages"}],"about":[{"href":"https:\/\/calculemus.org\/fi2\/wp-json\/wp\/v2\/types\/page"}],"author":[{"embeddable":true,"href":"https:\/\/calculemus.org\/fi2\/wp-json\/wp\/v2\/users\/2"}],"replies":[{"embeddable":true,"href":"https:\/\/calculemus.org\/fi2\/wp-json\/wp\/v2\/comments?post=163"}],"version-history":[{"count":3,"href":"https:\/\/calculemus.org\/fi2\/wp-json\/wp\/v2\/pages\/163\/revisions"}],"predecessor-version":[{"id":166,"href":"https:\/\/calculemus.org\/fi2\/wp-json\/wp\/v2\/pages\/163\/revisions\/166"}],"wp:attachment":[{"href":"https:\/\/calculemus.org\/fi2\/wp-json\/wp\/v2\/media?parent=163"}],"curies":[{"name":"wp","href":"https:\/\/api.w.org\/{rel}","templated":true}]}}