{"id":4,"date":"2016-06-08T18:59:03","date_gmt":"2016-06-08T16:59:03","guid":{"rendered":"http:\/\/calculemus.org\/fi2\/?page_id=4"},"modified":"2016-10-26T07:10:12","modified_gmt":"2016-10-26T05:10:12","slug":"konferencja","status":"publish","type":"page","link":"https:\/\/calculemus.org\/fi2\/","title":{"rendered":"Filozofia w informatyce"},"content":{"rendered":"<p class=\"western\" align=\"justify\">Mamy przyjemno\u015b\u0107 ju\u017c po raz drugi zaprosi\u0107 na konferencj\u0119 naukow\u0105 z cyklu \u201eFilozofia w informatyce\u201d, kt\u00f3ra odb\u0119dzie si\u0119 w dniach 17-18 listopada 2016 r. na Wydziale Filozoficznym UPJPII w Krakowie. Temat przewodni tegorocznego spotkania to: <strong>Informatyczny \u015bwiat a filozofia<\/strong>.<\/p>\n<p class=\"western\" align=\"justify\"><a href=\"http:\/\/calculemus.org\/fli\/\" target=\"_blank\">Poprzednia konferencja<\/a> odby\u0142a si\u0119 na Politechnice Warszawskiej w roku 2015. Nasze spotkania maj\u0105 za zadanie scala\u0107 r\u00f3\u017cne polskie \u015brodowiska zajmuj\u0105ce si\u0119 refleksj\u0105 nad informatyk\u0105 i s\u0142u\u017cy\u0107 rozwojowi filozofii informatyki. Mamy nadziej\u0119, \u017ce zapraszaj\u0105c specjalist\u00f3w z r\u00f3\u017cnych dziedzin przyczynimy si\u0119 do rozwoju bada\u0144 interdyscyplinarnych zwi\u0105zanych z\u00a0informatyk\u0105. Jeste\u015bmy otwarci na uczonych spoza Polski, dlatego cz\u0119\u015b\u0107 wyst\u0105pie\u0144 i publikacji mo\u017ce zosta\u0107 przedstawiona w j\u0119zyku angielskim.<\/p>\n<p class=\"western\" align=\"justify\">W naszych dotychczasowych dyskusjach wok\u00f3\u0142 filozofii w informatyce wy\u0142oni\u0142a si\u0119 pewna grupa temat\u00f3w, kt\u00f3r\u0105 chcieliby\u015bmy zaproponowa\u0107 jako punkt wyj\u015bcia do dalszych dyskusji, ale zach\u0119camy r\u00f3wnie\u017c do przedstawiania propozycji rozszerzaj\u0105cych t\u0105 tematyk\u0119:<\/p>\n<ol>\n<li>\n<p class=\"western\" align=\"justify\">Informacja i obliczalno\u015b\u0107 \u2013 poj\u0119cia fundamentalne<\/p>\n<\/li>\n<li>\n<p class=\"western\" align=\"justify\">Metodologiczne wyzwania wsp\u00f3\u0142czesnej informatyki<\/p>\n<\/li>\n<li>\n<p class=\"western\" align=\"justify\">Ontologiczne i epistemologiczne zaanga\u017cowania informatyki<\/p>\n<\/li>\n<li>\n<p class=\"western\" align=\"justify\">Zagadnienia etyczne i prawne w informatyce<\/p>\n<\/li>\n<li>\n<p class=\"western\" align=\"justify\">Informatyczne aspekty nauk szczeg\u00f3\u0142owych (biologia, fizyka, chemia, astronomia, psychiatria, psychologia, kognitywistyka, lingwistyka i inne).<\/p>\n<\/li>\n<li>\n<p class=\"western\" align=\"justify\">Filozoficzne aspekty technologii informacyjnych<\/p>\n<\/li>\n<\/ol>\n<p><strong>Organizatorzy Konferencji<\/strong><\/p>\n<ul>\n<li>Katedra Filozofii Przyrody Wydzia\u0142u Filozoficznego UPJPII w Krakowie<\/li>\n<li>Katedra Filozofii Logiki Wydzia\u0142u Filozoficznego UPJPII w Krakowie<\/li>\n<li>Akademia Ignatianum<\/li>\n<\/ul>\n<p><strong>Wsparcie Konferencji<\/strong><\/p>\n<ul>\n<li>Centrum Kopernika Bada\u0144 Interdyscyplinarnych<\/li>\n<li>Zak\u0142ad Filozofii Nauki, Socjologii i Podstaw Techniki (wydzia\u0142 WAiNS Politechniki Warszawskiej)<\/li>\n<\/ul>\n","protected":false},"excerpt":{"rendered":"<p>Mamy przyjemno\u015b\u0107 ju\u017c po raz drugi zaprosi\u0107 na konferencj\u0119 naukow\u0105 z cyklu \u201eFilozofia w informatyce\u201d, kt\u00f3ra odb\u0119dzie si\u0119 w dniach 17-18 listopada 2016 r. na Wydziale Filozoficznym UPJPII w Krakowie. Temat przewodni tegorocznego spotkania to: Informatyczny \u015bwiat a filozofia. Poprzednia &hellip; <a href=\"https:\/\/calculemus.org\/fi2\/\">Czytaj dalej <span class=\"meta-nav\">&rarr;<\/span><\/a><\/p>\n","protected":false},"author":1,"featured_media":0,"parent":0,"menu_order":0,"comment_status":"closed","ping_status":"closed","template":"onecolumn-page.php","meta":[],"_links":{"self":[{"href":"https:\/\/calculemus.org\/fi2\/wp-json\/wp\/v2\/pages\/4"}],"collection":[{"href":"https:\/\/calculemus.org\/fi2\/wp-json\/wp\/v2\/pages"}],"about":[{"href":"https:\/\/calculemus.org\/fi2\/wp-json\/wp\/v2\/types\/page"}],"author":[{"embeddable":true,"href":"https:\/\/calculemus.org\/fi2\/wp-json\/wp\/v2\/users\/1"}],"replies":[{"embeddable":true,"href":"https:\/\/calculemus.org\/fi2\/wp-json\/wp\/v2\/comments?post=4"}],"version-history":[{"count":13,"href":"https:\/\/calculemus.org\/fi2\/wp-json\/wp\/v2\/pages\/4\/revisions"}],"predecessor-version":[{"id":172,"href":"https:\/\/calculemus.org\/fi2\/wp-json\/wp\/v2\/pages\/4\/revisions\/172"}],"wp:attachment":[{"href":"https:\/\/calculemus.org\/fi2\/wp-json\/wp\/v2\/media?parent=4"}],"curies":[{"name":"wp","href":"https:\/\/api.w.org\/{rel}","templated":true}]}}