{"id":8,"date":"2016-06-08T19:00:09","date_gmt":"2016-06-08T17:00:09","guid":{"rendered":"http:\/\/calculemus.org\/fi2\/?page_id=8"},"modified":"2017-02-03T21:39:45","modified_gmt":"2017-02-03T20:39:45","slug":"dyskusje","status":"publish","type":"page","link":"https:\/\/calculemus.org\/fi2\/dyskusje\/","title":{"rendered":"Dyskusje"},"content":{"rendered":"<p>Zapraszamy do dyskusji na podane ni\u017cej tematy.<br \/>\nAby do\u0142\u0105czy\u0107 do dyskusji, nale\u017cy klikn\u0105\u0107 odpowiedni link, przeczyta\u0107 tekst (lub teksty) b\u0119d\u0105ce przedmiotem dyskusji, a nast\u0119pnie doda\u0107 sw\u00f3j komentarz (na samym dole strony).<\/p>\n<p><strong>Otwarte dyskusje<\/strong><\/p>\n<p>\u2666\u00a0\u00a0 <a href=\"http:\/\/calculemus.org\/fi2\/w-marciszewski\/\">Czy Alan Turing jest uniwersaln\u0105 maszyn\u0105 Turinga?<\/a><br \/>\n[dyskusja nad referatem Witolda Marciszewskiego]<\/p>\n<p>\u2666\u00a0\u00a0 <a href=\"http:\/\/calculemus.org\/fi2\/p-stacewicz\/\">O r\u00f3\u017cnych sposobach rozumienia analogowo\u015bci w informatyce?<\/a><br \/>\n[dyskusja nad referatem Paw\u0142a Stacewicza]<\/p>\n<p>\u2666\u00a0\u00a0 <a href=\"http:\/\/calculemus.org\/fi2\/s-leciejewski\/\">Cyfrowa rewolucja w nauce a cyfrowa rewolucja cywilizacyjna<\/a><br \/>\n[dyskusja nad referatem S\u0142awomira Leciejewskiego]<\/p>\n<p>\u2666\u00a0\u00a0 <a href=\"http:\/\/calculemus.org\/fi2\/r-krzanowski\/\">Czym jest informacyjny realizm strukturalny?<\/a><br \/>\n[dyskusja nad referatem Romana Krzanowskiego]<\/p>\n<p>\u2666\u00a0\u00a0 <a href=\"http:\/\/calculemus.org\/fi2\/j-czerniawski\/\">Reizm a ontologiczny status informacji<\/a><br \/>\n[dyskusja nad referatem Jana Czerniawskiego]<\/p>\n","protected":false},"excerpt":{"rendered":"<p>Zapraszamy do dyskusji na podane ni\u017cej tematy. Aby do\u0142\u0105czy\u0107 do dyskusji, nale\u017cy klikn\u0105\u0107 odpowiedni link, przeczyta\u0107 tekst (lub teksty) b\u0119d\u0105ce przedmiotem dyskusji, a nast\u0119pnie doda\u0107 sw\u00f3j komentarz (na samym dole strony). Otwarte dyskusje \u2666\u00a0\u00a0 Czy Alan Turing jest uniwersaln\u0105 maszyn\u0105 &hellip; <a href=\"https:\/\/calculemus.org\/fi2\/dyskusje\/\">Czytaj dalej <span class=\"meta-nav\">&rarr;<\/span><\/a><\/p>\n","protected":false},"author":1,"featured_media":0,"parent":0,"menu_order":0,"comment_status":"closed","ping_status":"closed","template":"","meta":[],"_links":{"self":[{"href":"https:\/\/calculemus.org\/fi2\/wp-json\/wp\/v2\/pages\/8"}],"collection":[{"href":"https:\/\/calculemus.org\/fi2\/wp-json\/wp\/v2\/pages"}],"about":[{"href":"https:\/\/calculemus.org\/fi2\/wp-json\/wp\/v2\/types\/page"}],"author":[{"embeddable":true,"href":"https:\/\/calculemus.org\/fi2\/wp-json\/wp\/v2\/users\/1"}],"replies":[{"embeddable":true,"href":"https:\/\/calculemus.org\/fi2\/wp-json\/wp\/v2\/comments?post=8"}],"version-history":[{"count":10,"href":"https:\/\/calculemus.org\/fi2\/wp-json\/wp\/v2\/pages\/8\/revisions"}],"predecessor-version":[{"id":215,"href":"https:\/\/calculemus.org\/fi2\/wp-json\/wp\/v2\/pages\/8\/revisions\/215"}],"wp:attachment":[{"href":"https:\/\/calculemus.org\/fi2\/wp-json\/wp\/v2\/media?parent=8"}],"curies":[{"name":"wp","href":"https:\/\/api.w.org\/{rel}","templated":true}]}}