{"id":103,"date":"2018-10-14T20:19:37","date_gmt":"2018-10-14T18:19:37","guid":{"rendered":"http:\/\/calculemus.org\/fi4\/?page_id=103"},"modified":"2018-10-14T20:30:20","modified_gmt":"2018-10-14T18:30:20","slug":"wojewoda","status":"publish","type":"page","link":"https:\/\/calculemus.org\/fi4\/wojewoda\/","title":{"rendered":"Mariusz Wojewoda (U\u015a)<br><i>Aksjologia rzeczywisto\u015bci cyfrowej<\/i>"},"content":{"rendered":"<p>W swoim wyst\u0105pieniu chcia\u0142bym zwr\u00f3ci\u0107 uwag\u0119 na kwestie aksjologiczne zwi\u0105zane wykorzystaniem d\u00f3br cyfrowych. Rzeczywisto\u015b\u0107 cyfrowa stanowi pewn\u0105 odr\u0119bno\u015b\u0107 od \u015bwiata realnego, kt\u00f3ra jednak nie jest neutralna aksjologicznie. Warto\u015bci znajduj\u0105 si\u0119 w sieciowym uk\u0142adzie zale\u017cno\u015bci strukturalnych i wertyklanych, niezale\u017cnych od podmiotu, chocia\u017c podmiot, grupy, podmiot\u00f3w, instytucje zawsze pozostaj\u0105 w jakiej\u015b relacji wobec \u015bwiata warto\u015bci. <\/p>\n<p>Stanowisko aksjologiczne, kt\u00f3re przyjmuj\u0119 okre\u015blam mianem strukturyzmu lub relacjonizmu aksjologicznego, jest ono pewnym wariantem obiektywizmu aksjologicznego. Warto\u015bci s\u0105 ontycznymi relacjami. Chcia\u0142bym zbada\u0107 w jakim sensie klasyczne poj\u0119cia aksjologiczne ods\u0142aniaj\u0105 nowe obszary odczyta\u0144 w sytuacji, gdy zestawiamy je z rzeczywisto\u015bci\u0105 cyfrow\u0105. Mi\u0119dzy innymi chodzi o takie warto\u015bci jak: podzielno\u015b\u0107, trwa\u0142o\u015b\u0107 istnienia, w\u0142asno\u015b\u0107, to\u017csamo\u015b\u0107 podmiotowa (cz\u0142owiek, \u201esztuczna inteligencja\u201d), zdolno\u015b\u0107 do przyswajania wiedzy (uczenie nienanadzorowane). <\/p>\n","protected":false},"excerpt":{"rendered":"<p>W swoim wyst\u0105pieniu chcia\u0142bym zwr\u00f3ci\u0107 uwag\u0119 na kwestie aksjologiczne zwi\u0105zane wykorzystaniem d\u00f3br cyfrowych. Rzeczywisto\u015b\u0107 cyfrowa stanowi pewn\u0105 odr\u0119bno\u015b\u0107 od \u015bwiata realnego, kt\u00f3ra jednak nie jest neutralna aksjologicznie. Warto\u015bci znajduj\u0105 si\u0119 w sieciowym uk\u0142adzie zale\u017cno\u015bci strukturalnych i wertyklanych, niezale\u017cnych od podmiotu, &hellip; <a href=\"https:\/\/calculemus.org\/fi4\/wojewoda\/\">Czytaj dalej <span class=\"meta-nav\">&rarr;<\/span><\/a><\/p>\n","protected":false},"author":2,"featured_media":0,"parent":0,"menu_order":0,"comment_status":"closed","ping_status":"closed","template":"onecolumn-page.php","meta":[],"_links":{"self":[{"href":"https:\/\/calculemus.org\/fi4\/wp-json\/wp\/v2\/pages\/103"}],"collection":[{"href":"https:\/\/calculemus.org\/fi4\/wp-json\/wp\/v2\/pages"}],"about":[{"href":"https:\/\/calculemus.org\/fi4\/wp-json\/wp\/v2\/types\/page"}],"author":[{"embeddable":true,"href":"https:\/\/calculemus.org\/fi4\/wp-json\/wp\/v2\/users\/2"}],"replies":[{"embeddable":true,"href":"https:\/\/calculemus.org\/fi4\/wp-json\/wp\/v2\/comments?post=103"}],"version-history":[{"count":1,"href":"https:\/\/calculemus.org\/fi4\/wp-json\/wp\/v2\/pages\/103\/revisions"}],"predecessor-version":[{"id":104,"href":"https:\/\/calculemus.org\/fi4\/wp-json\/wp\/v2\/pages\/103\/revisions\/104"}],"wp:attachment":[{"href":"https:\/\/calculemus.org\/fi4\/wp-json\/wp\/v2\/media?parent=103"}],"curies":[{"name":"wp","href":"https:\/\/api.w.org\/{rel}","templated":true}]}}