{"id":107,"date":"2018-10-14T23:40:58","date_gmt":"2018-10-14T21:40:58","guid":{"rendered":"http:\/\/calculemus.org\/fi4\/?page_id=107"},"modified":"2018-10-14T23:40:58","modified_gmt":"2018-10-14T21:40:58","slug":"jernajczyk","status":"publish","type":"page","link":"https:\/\/calculemus.org\/fi4\/jernajczyk\/","title":{"rendered":"Jakub Jernajczyk (ASP)<br><i>Wzorzec i kopia \u2013 meta-zasada obecna w filozofii, informatyce oraz sztukach rzemie\u015blniczych<\/i>"},"content":{"rendered":"<p>W ramach filozoficznej refleksji nad informatyk\u0105, co jaki\u015b czas powraca zagadnienie zaskakuj\u0105cego podobie\u0144stwa pomi\u0119dzy Plato\u0144sk\u0105 teori\u0105 idei oraz g\u0142\u00f3wnymi za\u0142o\u017ceniami paradygmatu programowania obiektowego. W swoim wyst\u0105pieniu wska\u017c\u0119 na jedno z prawdopodobnych \u017ar\u00f3de\u0142 owego podobie\u0144stwa \u2013 zasad\u0119 wzorca i kopii, kt\u00f3ra odgrywa kluczow\u0105 rol\u0119 zar\u00f3wno w hierarchii \u015bwiata idei, jak i w strukturze programistycznych klas oraz obiekt\u00f3w.<\/p>\n<p>Zaprezentuj\u0119 przyk\u0142ady niebywa\u0142ej skuteczno\u015bci tej zasady tak\u017ce w innych obszarach ludzkiej aktywno\u015bci tw\u00f3rczej: w tradycyjnym rzemio\u015ble, technice oraz w sztukach projektowych.<br \/>\nRozwa\u017c\u0119 r\u00f3wnie\u017c hipotez\u0119, jakoby to rzemios\u0142o stanowi\u0142o dziedzin\u0119, z kt\u00f3rej Platon oraz inni my\u015bliciele zaczerpn\u0119li rdze\u0144 zasady wzorca i kopii. <\/p>\n","protected":false},"excerpt":{"rendered":"<p>W ramach filozoficznej refleksji nad informatyk\u0105, co jaki\u015b czas powraca zagadnienie zaskakuj\u0105cego podobie\u0144stwa pomi\u0119dzy Plato\u0144sk\u0105 teori\u0105 idei oraz g\u0142\u00f3wnymi za\u0142o\u017ceniami paradygmatu programowania obiektowego. W swoim wyst\u0105pieniu wska\u017c\u0119 na jedno z prawdopodobnych \u017ar\u00f3de\u0142 owego podobie\u0144stwa \u2013 zasad\u0119 wzorca i kopii, kt\u00f3ra &hellip; <a href=\"https:\/\/calculemus.org\/fi4\/jernajczyk\/\">Czytaj dalej <span class=\"meta-nav\">&rarr;<\/span><\/a><\/p>\n","protected":false},"author":2,"featured_media":0,"parent":0,"menu_order":0,"comment_status":"closed","ping_status":"closed","template":"onecolumn-page.php","meta":[],"_links":{"self":[{"href":"https:\/\/calculemus.org\/fi4\/wp-json\/wp\/v2\/pages\/107"}],"collection":[{"href":"https:\/\/calculemus.org\/fi4\/wp-json\/wp\/v2\/pages"}],"about":[{"href":"https:\/\/calculemus.org\/fi4\/wp-json\/wp\/v2\/types\/page"}],"author":[{"embeddable":true,"href":"https:\/\/calculemus.org\/fi4\/wp-json\/wp\/v2\/users\/2"}],"replies":[{"embeddable":true,"href":"https:\/\/calculemus.org\/fi4\/wp-json\/wp\/v2\/comments?post=107"}],"version-history":[{"count":1,"href":"https:\/\/calculemus.org\/fi4\/wp-json\/wp\/v2\/pages\/107\/revisions"}],"predecessor-version":[{"id":108,"href":"https:\/\/calculemus.org\/fi4\/wp-json\/wp\/v2\/pages\/107\/revisions\/108"}],"wp:attachment":[{"href":"https:\/\/calculemus.org\/fi4\/wp-json\/wp\/v2\/media?parent=107"}],"curies":[{"name":"wp","href":"https:\/\/api.w.org\/{rel}","templated":true}]}}