{"id":12,"date":"2018-06-08T22:21:39","date_gmt":"2018-06-08T20:21:39","guid":{"rendered":"http:\/\/calculemus.org\/fi4\/?page_id=12"},"modified":"2018-10-02T08:00:50","modified_gmt":"2018-10-02T06:00:50","slug":"terminy","status":"publish","type":"page","link":"https:\/\/calculemus.org\/fi4\/terminy\/","title":{"rendered":"Terminy"},"content":{"rendered":"<p>Uprzejmie prosimy o <strong>nadsy\u0142anie zg\u0142osze\u0144 na konferencj\u0119<\/strong> pod adres: <a href=\"mailto:p.stacewicz@ans.pw.edu.pl\">p.stacewicz@ans.pw.edu.pl<\/a> <strong>do dnia 10 pa\u017adziernika 2018 r<\/strong>. Wraz ze zg\u0142oszeniem prosimy o podanie tematu planowanego wyst\u0105pienia i za\u0142\u0105czenie kr\u00f3tkiego streszczenia. Po akceptacji referatu prze\u015blemy dalsze informacje organizacyjne.<\/p>\n<p>Op\u0142at\u0119 konferencyjn\u0105<strong>,<\/strong> wynosz\u0105c\u0105 200 z\u0142<strong>,<\/strong> nale\u017cy ui\u015bci\u0107 <strong>do dnia 10 listopada 2018 r<\/strong>. przelewem na konto wydzia\u0142u WAINS PW: <strong>PEKAO <\/strong><strong>64 1240 1053 5111 1180 0030 0091. <\/strong>W tytule przelewu nale\u017cy poda\u0107 skr\u00f3t <strong>FI4<\/strong> oraz swoje <strong>nazwisko <\/strong>i<strong> imi\u0119<\/strong>.<\/p>\n","protected":false},"excerpt":{"rendered":"<p>Uprzejmie prosimy o nadsy\u0142anie zg\u0142osze\u0144 na konferencj\u0119 pod adres: p.stacewicz@ans.pw.edu.pl do dnia 10 pa\u017adziernika 2018 r. Wraz ze zg\u0142oszeniem prosimy o podanie tematu planowanego wyst\u0105pienia i za\u0142\u0105czenie kr\u00f3tkiego streszczenia. Po akceptacji referatu prze\u015blemy dalsze informacje organizacyjne. Op\u0142at\u0119 konferencyjn\u0105, wynosz\u0105c\u0105 200 &hellip; <a href=\"https:\/\/calculemus.org\/fi4\/terminy\/\">Czytaj dalej <span class=\"meta-nav\">&rarr;<\/span><\/a><\/p>\n","protected":false},"author":1,"featured_media":0,"parent":0,"menu_order":0,"comment_status":"closed","ping_status":"closed","template":"onecolumn-page.php","meta":[],"_links":{"self":[{"href":"https:\/\/calculemus.org\/fi4\/wp-json\/wp\/v2\/pages\/12"}],"collection":[{"href":"https:\/\/calculemus.org\/fi4\/wp-json\/wp\/v2\/pages"}],"about":[{"href":"https:\/\/calculemus.org\/fi4\/wp-json\/wp\/v2\/types\/page"}],"author":[{"embeddable":true,"href":"https:\/\/calculemus.org\/fi4\/wp-json\/wp\/v2\/users\/1"}],"replies":[{"embeddable":true,"href":"https:\/\/calculemus.org\/fi4\/wp-json\/wp\/v2\/comments?post=12"}],"version-history":[{"count":5,"href":"https:\/\/calculemus.org\/fi4\/wp-json\/wp\/v2\/pages\/12\/revisions"}],"predecessor-version":[{"id":44,"href":"https:\/\/calculemus.org\/fi4\/wp-json\/wp\/v2\/pages\/12\/revisions\/44"}],"wp:attachment":[{"href":"https:\/\/calculemus.org\/fi4\/wp-json\/wp\/v2\/media?parent=12"}],"curies":[{"name":"wp","href":"https:\/\/api.w.org\/{rel}","templated":true}]}}