{"id":14,"date":"2018-06-08T22:22:06","date_gmt":"2018-06-08T20:22:06","guid":{"rendered":"http:\/\/calculemus.org\/fi4\/?page_id=14"},"modified":"2018-11-17T08:53:15","modified_gmt":"2018-11-17T07:53:15","slug":"miejsce","status":"publish","type":"page","link":"https:\/\/calculemus.org\/fi4\/miejsce\/","title":{"rendered":"Miejsce"},"content":{"rendered":"<p>W dniu 23 listopada (pi\u0105tek) obrady b\u0119d\u0105 si\u0119 odbywa\u0107 w Gmachu G\u0142\u00f3wnym Politechniki Warszawskiej przy pl. Politechniki 1, w sali 213 na II pi\u0119trze.<\/p>\n<p>W dniu 24 listopada (sobota) miejscem Konferencji b\u0119dzie Biblioteka G\u0142\u00f3wna Wojskowej Akademii Technicznej przy ul. gen. Witolda Urbanowicza 19 (sale 7a i 7B).<\/p>\n<p>Politechnika Warszawska znajduje si\u0119 niedaleko dworca &#8222;Warszawa Centralna&#8221; (15 min. spacerem), a tak\u017ce blisko stacji metra &#8222;Politechnika&#8221;.<\/p>\n<p>Wojskowa Akademia Techniczna (WAT) znajduje si\u0119 w zachodniej cz\u0119\u015bci Warszawy (z dworca Centralnego mo\u017cna dojecha\u0107 w jej pobli\u017ce autobusem 109). Inne po\u0142\u0105czenia najlepiej sprawdzi\u0107 na mapach Google&#8217;a.<br \/>\nDla lepszej orientacji w terenie WAT za\u0142\u0105czamy mapki: 1) <a href=\"http:\/\/stac.calculemus.org\/pdf\/biblioteka_widok_budynku.jpg\" target=\"_blank\" rel=\"noopener\">budynek biblioteki<\/a>, 2) <a href=\"http:\/\/stac.calculemus.org\/pdf\/biblioteka_mapa.jpg\" target=\"_blank\" rel=\"noopener\">doj\u015bcie do budynku<\/a>.<\/p>\n","protected":false},"excerpt":{"rendered":"<p>W dniu 23 listopada (pi\u0105tek) obrady b\u0119d\u0105 si\u0119 odbywa\u0107 w Gmachu G\u0142\u00f3wnym Politechniki Warszawskiej przy pl. Politechniki 1, w sali 213 na II pi\u0119trze. W dniu 24 listopada (sobota) miejscem Konferencji b\u0119dzie Biblioteka G\u0142\u00f3wna Wojskowej Akademii Technicznej przy ul. gen. &hellip; <a href=\"https:\/\/calculemus.org\/fi4\/miejsce\/\">Czytaj dalej <span class=\"meta-nav\">&rarr;<\/span><\/a><\/p>\n","protected":false},"author":1,"featured_media":0,"parent":0,"menu_order":0,"comment_status":"closed","ping_status":"closed","template":"onecolumn-page.php","meta":[],"_links":{"self":[{"href":"https:\/\/calculemus.org\/fi4\/wp-json\/wp\/v2\/pages\/14"}],"collection":[{"href":"https:\/\/calculemus.org\/fi4\/wp-json\/wp\/v2\/pages"}],"about":[{"href":"https:\/\/calculemus.org\/fi4\/wp-json\/wp\/v2\/types\/page"}],"author":[{"embeddable":true,"href":"https:\/\/calculemus.org\/fi4\/wp-json\/wp\/v2\/users\/1"}],"replies":[{"embeddable":true,"href":"https:\/\/calculemus.org\/fi4\/wp-json\/wp\/v2\/comments?post=14"}],"version-history":[{"count":4,"href":"https:\/\/calculemus.org\/fi4\/wp-json\/wp\/v2\/pages\/14\/revisions"}],"predecessor-version":[{"id":53,"href":"https:\/\/calculemus.org\/fi4\/wp-json\/wp\/v2\/pages\/14\/revisions\/53"}],"wp:attachment":[{"href":"https:\/\/calculemus.org\/fi4\/wp-json\/wp\/v2\/media?parent=14"}],"curies":[{"name":"wp","href":"https:\/\/api.w.org\/{rel}","templated":true}]}}