{"id":146,"date":"2018-10-16T20:42:40","date_gmt":"2018-10-16T18:42:40","guid":{"rendered":"http:\/\/calculemus.org\/fi4\/?page_id=146"},"modified":"2018-10-16T21:46:46","modified_gmt":"2018-10-16T19:46:46","slug":"milkowski","status":"publish","type":"page","link":"https:\/\/calculemus.org\/fi4\/milkowski\/","title":{"rendered":"Marcin Mi\u0142kowski (IFiS PAN)<br><i>Informatyka a kognitywistyka: wzajemne inspiracje<\/i>"},"content":{"rendered":"<p>Informatyka jest jednym z kluczowych element\u00f3w bada\u0144 kognitywistycznych. Przedstawi\u0119 bli\u017cej dwie idee informatyczne, kt\u00f3re odgrywaj\u0105 kluczow\u0105 metodologiczn\u0105 rol\u0119 w badaniach nad poznaniem: (1) ide\u0119, \u017ce pe\u0142ny opis procesu obliczeniowego obejmuje zar\u00f3wno algorytmy, jak i struktury danych; (2) ide\u0119 badania przede wszystkim kompletnych architektur poznawczych. Idea (1) zawiera si\u0119 ju\u017c w tytule kluczowej dla rozwoju idei programowania ksi\u0105\u017cki Niklausa Wirtha; za\u015b (2) wywodzi si\u0119 przynajmniej z rozwa\u017ca\u0144 Johna von Neumanna. Obie te idee traktowano jako \u017ar\u00f3d\u0142o inspiracji metodologicznych, chocia\u017c nie zawsze \u2013 jak w przypadku architektur poznawczych \u2013 pozytywnych.<\/p>\n<p>Jednak w ostatnich latach, mimo coraz szybszego rozwoju informatycznych metod uczenia g\u0142\u0119bokiego, inspirowanych przez neuronauk\u0119 obliczeniow\u0105, wp\u0142yw informatyki, a w szczeg\u00f3lno\u015bci sztucznej inteligencji na kognitywistyk\u0119 zauwa\u017calnie s\u0142abnie: coraz mniej artyku\u0142\u00f3w z AI ukazuje si\u0119 w czo\u0142owych czasopismach kognitywistycznych. Zdarzaj\u0105 si\u0119 sporadyczne wyj\u0105tki \u2013 badania dotycz\u0105ce przetwarzania predykcyjnego i z\u0142o\u017cono\u015bci obliczeniowej \u2013 ale z\u0142ote lata wsp\u00f3\u0142pracy, przypadaj\u0105ce na lata 70. XX, ewidentnie mamy za sob\u0105. Warto zastanowi\u0107 si\u0119 dlaczego.<\/p>\n","protected":false},"excerpt":{"rendered":"<p>Informatyka jest jednym z kluczowych element\u00f3w bada\u0144 kognitywistycznych. Przedstawi\u0119 bli\u017cej dwie idee informatyczne, kt\u00f3re odgrywaj\u0105 kluczow\u0105 metodologiczn\u0105 rol\u0119 w badaniach nad poznaniem: (1) ide\u0119, \u017ce pe\u0142ny opis procesu obliczeniowego obejmuje zar\u00f3wno algorytmy, jak i struktury danych; (2) ide\u0119 badania przede &hellip; <a href=\"https:\/\/calculemus.org\/fi4\/milkowski\/\">Czytaj dalej <span class=\"meta-nav\">&rarr;<\/span><\/a><\/p>\n","protected":false},"author":2,"featured_media":0,"parent":0,"menu_order":0,"comment_status":"closed","ping_status":"closed","template":"onecolumn-page.php","meta":[],"_links":{"self":[{"href":"https:\/\/calculemus.org\/fi4\/wp-json\/wp\/v2\/pages\/146"}],"collection":[{"href":"https:\/\/calculemus.org\/fi4\/wp-json\/wp\/v2\/pages"}],"about":[{"href":"https:\/\/calculemus.org\/fi4\/wp-json\/wp\/v2\/types\/page"}],"author":[{"embeddable":true,"href":"https:\/\/calculemus.org\/fi4\/wp-json\/wp\/v2\/users\/2"}],"replies":[{"embeddable":true,"href":"https:\/\/calculemus.org\/fi4\/wp-json\/wp\/v2\/comments?post=146"}],"version-history":[{"count":3,"href":"https:\/\/calculemus.org\/fi4\/wp-json\/wp\/v2\/pages\/146\/revisions"}],"predecessor-version":[{"id":149,"href":"https:\/\/calculemus.org\/fi4\/wp-json\/wp\/v2\/pages\/146\/revisions\/149"}],"wp:attachment":[{"href":"https:\/\/calculemus.org\/fi4\/wp-json\/wp\/v2\/media?parent=146"}],"curies":[{"name":"wp","href":"https:\/\/api.w.org\/{rel}","templated":true}]}}