{"id":152,"date":"2018-10-17T21:39:43","date_gmt":"2018-10-17T19:39:43","guid":{"rendered":"http:\/\/calculemus.org\/fi4\/?page_id=152"},"modified":"2018-10-17T21:39:43","modified_gmt":"2018-10-17T19:39:43","slug":"strzelczak","status":"publish","type":"page","link":"https:\/\/calculemus.org\/fi4\/strzelczak\/","title":{"rendered":"Stanis\u0142aw Strzelczak (PW)<br><i>Wiedza, j\u0119zyk, sztuczna inteligencja, poznanie. Refleksje z prac nad opracowaniem kognitywnych robot\u00f3w nadzorczych.<\/i>"},"content":{"rendered":"<p>Do\u015bwiadczenia z prac nad robotem kognitywnym nadzoruj\u0105cym monta\u017c maszyn w fabryce firmy KraussMaffei sk\u0142aniaj\u0105 do refleksji nad takimi artefaktami jak wiedza, j\u0119zyk, poznanie i inteligencja. Pomimo i\u017c opracowany prototyp robota jest funkcjonalnie ubogi, mo\u017ce tworzy\u0107 nowe koncepty i konstrukcje we w\u0142asnym j\u0119zyku, tym samym samodzielnie rozszerzaj\u0105c sfer\u0119 w\u0142asnego poznania. <\/p>\n<p>W konsekwencji tworzona przez robota wiedza i rozumowanie wymyka si\u0119 ludzkiej kontroli i poznaniu. Przeprowadzone badania stawiaj\u0105 pytania o wzajemne relacje i role ludzi oraz sztucznej inteligencji, zar\u00f3wno w \u015brodowisku przemys\u0142owym, jak i spo\u0142ecznym. Urealnia si\u0119 mo\u017cliwo\u015b\u0107 podporz\u0105dkowania ludzi sztucznej inteligencji, kt\u00f3ra dzia\u0142a skuteczniej, przy tym poza ich wiedz\u0105 i kontrol\u0105. <\/p>\n","protected":false},"excerpt":{"rendered":"<p>Do\u015bwiadczenia z prac nad robotem kognitywnym nadzoruj\u0105cym monta\u017c maszyn w fabryce firmy KraussMaffei sk\u0142aniaj\u0105 do refleksji nad takimi artefaktami jak wiedza, j\u0119zyk, poznanie i inteligencja. Pomimo i\u017c opracowany prototyp robota jest funkcjonalnie ubogi, mo\u017ce tworzy\u0107 nowe koncepty i konstrukcje we &hellip; <a href=\"https:\/\/calculemus.org\/fi4\/strzelczak\/\">Czytaj dalej <span class=\"meta-nav\">&rarr;<\/span><\/a><\/p>\n","protected":false},"author":2,"featured_media":0,"parent":0,"menu_order":0,"comment_status":"closed","ping_status":"closed","template":"onecolumn-page.php","meta":[],"_links":{"self":[{"href":"https:\/\/calculemus.org\/fi4\/wp-json\/wp\/v2\/pages\/152"}],"collection":[{"href":"https:\/\/calculemus.org\/fi4\/wp-json\/wp\/v2\/pages"}],"about":[{"href":"https:\/\/calculemus.org\/fi4\/wp-json\/wp\/v2\/types\/page"}],"author":[{"embeddable":true,"href":"https:\/\/calculemus.org\/fi4\/wp-json\/wp\/v2\/users\/2"}],"replies":[{"embeddable":true,"href":"https:\/\/calculemus.org\/fi4\/wp-json\/wp\/v2\/comments?post=152"}],"version-history":[{"count":2,"href":"https:\/\/calculemus.org\/fi4\/wp-json\/wp\/v2\/pages\/152\/revisions"}],"predecessor-version":[{"id":154,"href":"https:\/\/calculemus.org\/fi4\/wp-json\/wp\/v2\/pages\/152\/revisions\/154"}],"wp:attachment":[{"href":"https:\/\/calculemus.org\/fi4\/wp-json\/wp\/v2\/media?parent=152"}],"curies":[{"name":"wp","href":"https:\/\/api.w.org\/{rel}","templated":true}]}}