{"id":16,"date":"2018-06-08T22:22:21","date_gmt":"2018-06-08T20:22:21","guid":{"rendered":"http:\/\/calculemus.org\/fi4\/?page_id=16"},"modified":"2018-11-21T22:15:42","modified_gmt":"2018-11-21T21:15:42","slug":"program","status":"publish","type":"page","link":"https:\/\/calculemus.org\/fi4\/program\/","title":{"rendered":"Program"},"content":{"rendered":"<p>Aby obejrze\u0107 program Konferencji, prosz\u0119 klikn\u0105\u0107 <a href=\"http:\/\/stac.calculemus.org\/pdf\/FI4-program-2.pdf\">TUTAJ<\/a> lub pobra\u0107 <a href=\"http:\/\/stac.calculemus.org\/pdf\/plakat-z-programem.pdf\">plakat z programem<\/a>.<\/p>\n<p>Rozbudowane abstrakty poszczeg\u00f3lnych wyk\u0142ad\u00f3w i referat\u00f3w mo\u017cna obejrze\u0107 na zak\u0142adce <a href=\"http:\/\/calculemus.org\/fi4\/referaty\">Referaty<\/a>.<\/p>\n<p>Informujemy ponadto, \u017ce w pi\u0105tek 23.11.2018, zapraszamy prelegent\u00f3w i go\u015bci specjalnych na:<\/p>\n<p>\u2666\u00a0\u00a0 obiad:\u00a0 ok. godz. 14 (w restauracji SOFRA),<br \/>\n\u2666 \u00a0 spotkanie integracyjne:\u00a0 ok. godz. 18.30 (w lokalu SPICY MOMENTO).<\/p>\n","protected":false},"excerpt":{"rendered":"<p>Aby obejrze\u0107 program Konferencji, prosz\u0119 klikn\u0105\u0107 TUTAJ lub pobra\u0107 plakat z programem. Rozbudowane abstrakty poszczeg\u00f3lnych wyk\u0142ad\u00f3w i referat\u00f3w mo\u017cna obejrze\u0107 na zak\u0142adce Referaty. Informujemy ponadto, \u017ce w pi\u0105tek 23.11.2018, zapraszamy prelegent\u00f3w i go\u015bci specjalnych na: \u2666\u00a0\u00a0 obiad:\u00a0 ok. godz. 14 &hellip; <a href=\"https:\/\/calculemus.org\/fi4\/program\/\">Czytaj dalej <span class=\"meta-nav\">&rarr;<\/span><\/a><\/p>\n","protected":false},"author":1,"featured_media":0,"parent":0,"menu_order":0,"comment_status":"closed","ping_status":"closed","template":"onecolumn-page.php","meta":[],"_links":{"self":[{"href":"https:\/\/calculemus.org\/fi4\/wp-json\/wp\/v2\/pages\/16"}],"collection":[{"href":"https:\/\/calculemus.org\/fi4\/wp-json\/wp\/v2\/pages"}],"about":[{"href":"https:\/\/calculemus.org\/fi4\/wp-json\/wp\/v2\/types\/page"}],"author":[{"embeddable":true,"href":"https:\/\/calculemus.org\/fi4\/wp-json\/wp\/v2\/users\/1"}],"replies":[{"embeddable":true,"href":"https:\/\/calculemus.org\/fi4\/wp-json\/wp\/v2\/comments?post=16"}],"version-history":[{"count":15,"href":"https:\/\/calculemus.org\/fi4\/wp-json\/wp\/v2\/pages\/16\/revisions"}],"predecessor-version":[{"id":208,"href":"https:\/\/calculemus.org\/fi4\/wp-json\/wp\/v2\/pages\/16\/revisions\/208"}],"wp:attachment":[{"href":"https:\/\/calculemus.org\/fi4\/wp-json\/wp\/v2\/media?parent=16"}],"curies":[{"name":"wp","href":"https:\/\/api.w.org\/{rel}","templated":true}]}}