{"id":21,"date":"2018-06-08T22:31:10","date_gmt":"2018-06-08T20:31:10","guid":{"rendered":"http:\/\/calculemus.org\/fi4\/?page_id=21"},"modified":"2018-11-17T08:55:17","modified_gmt":"2018-11-17T07:55:17","slug":"konferencja-2","status":"publish","type":"page","link":"https:\/\/calculemus.org\/fi4\/","title":{"rendered":"Filozofia w informatyce"},"content":{"rendered":"<p class=\"western\" align=\"justify\">Mamy przyjemno\u015b\u0107 ju\u017c po raz czwarty zaprosi\u0107 na og\u00f3lnopolsk\u0105 konferencj\u0119 naukow\u0105 z cyklu \u201e<em>Filozofia w informatyce<\/em>\u201d, kt\u00f3ra odb\u0119dzie si\u0119 w dniach <strong>23-24 listopada 2018 r.<\/strong> w Politechnice Warszawskiej i Wojskowej Akademii Technicznej w Warszawie.<br \/>\nTemat przewodni tegorocznego spotkania to: <em>Filozofia wobec podstaw i zastosowa\u0144 informatyki<\/em>.<\/p>\n<p class=\"western\" align=\"justify\">Pierwsza konferencja z tego cyklu odby\u0142a si\u0119 na Politechnice Warszawskiej w roku 2015: <a href=\"http:\/\/calculemus.org\/fli\/\" target=\"_blank\" rel=\"noopener\">http:\/\/calculemus.org\/fli\/<\/a>; druga na Wydziale Filozoficznym UPJPII w Krakowie w roku 2016: <a href=\"http:\/\/calculemus.org\/fi2\/\" target=\"_blank\" rel=\"noopener\">http:\/\/calculemus.org\/fi2\/<\/a>; za\u015b trzecia edycja zosta\u0142a zorganizowana na Uniwersytecie im. Adama Mickiewicza w Poznaniu: <a href=\"http:\/\/calculemus.org\/fi3\/\" target=\"_blank\" rel=\"noopener\">http:\/\/calculemus.org\/fi3\/<\/a><\/p>\n<p class=\"western\" align=\"justify\">Nasze spotkania maj\u0105 za zadanie scala\u0107 r\u00f3\u017cne polskie \u015brodowiska zajmuj\u0105ce si\u0119 refleksj\u0105 nad informatyk\u0105 i s\u0142u\u017cy\u0107 rozwojowi <strong>filozofii informatyki<\/strong>. Mamy nadziej\u0119, \u017ce zapraszaj\u0105c specjalist\u00f3w z r\u00f3\u017cnych dziedzin, przyczynimy si\u0119 do rozwoju bada\u0144 interdyscyplinarnych zwi\u0105zanych z informatyk\u0105. Jeste\u015bmy otwarci na uczonych spoza Polski, dlatego cz\u0119\u015b\u0107 wyst\u0105pie\u0144 i publikacji mo\u017ce zosta\u0107 przedstawiona w j\u0119zyku angielskim.<\/p>\n<p class=\"western\" align=\"justify\">Go\u015bciem specjalnym tegorocznej edycji b\u0119dzie Profesor <strong>Raymond Turner<\/strong> z Wielkiej Brytanii, kt\u00f3ry wyg\u0142osi <a href=\"http:\/\/calculemus.org\/fi4\/wyklad-prof-turnera\/\">wyk\u0142ad specjalny<\/a> w dniu 24 listopada. Honorowym patronem naszego cyklu pozostaje niezmiennie Profesor <strong>Witold Marciszewski<\/strong>.<\/p>\n<p>Zapraszamy do zg\u0142aszania <strong>referat\u00f3w<\/strong> na nast\u0119puj\u0105ce, mi\u0119dzy innymi, tematy:<\/p>\n<ol>\n<li>\n<p class=\"western\" align=\"justify\">Fundamentalne poj\u0119cia informatyki: informacja, algorytm, obliczalno\u015b\u0107&#8230;<\/p>\n<\/li>\n<li>\n<p class=\"western\" align=\"justify\">Metodologiczne wyzwania wsp\u00f3\u0142czesnych bada\u0144 informatycznych.<\/p>\n<\/li>\n<li>\n<p class=\"western\" align=\"justify\">Informatyka a inne nauki szczeg\u00f3\u0142owe (fizyka, biologia, kognitywistyka, astronomia, lingwistyka i inne).<\/p>\n<\/li>\n<li>\n<p class=\"western\" align=\"justify\">Ontologiczne, epistemologiczne i aksjologiczne aspekty bada\u0144 informatycznych.<\/p>\n<\/li>\n<li>\n<p class=\"western\" align=\"justify\">Rola informatyki i jej zastosowa\u0144 we wsp\u00f3\u0142czesnej kulturze. Kwestie \u015bwiatopogl\u0105dowe.<\/p>\n<\/li>\n<li>\n<p class=\"western\" align=\"justify\">Etyczne i prawne aspekty zastosowa\u0144 informatyki.<\/p>\n<\/li>\n<\/ol>\n<p><strong>Organizatorzy Konferencji<\/strong><\/p>\n<ul>\n<li>Wydzia\u0142 Administracji i Nauk Spo\u0142ecznych Politechniki Warszawskiej<\/li>\n<li>Wydzia\u0142 Cybernetyki, Instytut Organizacji i Zarz\u0105dzania WAT<\/li>\n<li>Mi\u0119dzynarodowe Centrum Ontologii Formalnej przy wydziale WAINS PW<\/li>\n<\/ul>\n<p><strong>Rada Naukowa<\/strong><\/p>\n<ul>\n<li>prof. Witold Marciszewski (UW)<\/li>\n<li>prof. J\u00f3zef Lubacz (PW, ICFO)<\/li>\n<li>prof. Andrzej Bi\u0142at (PW, ICFO)<\/li>\n<li>prof. Piotr Zask\u00f3rski (WAT)<\/li>\n<li>prof. Kazimierz Worwa (WAT)<\/li>\n<li>prof. Marek Hetma\u0144ski (UMCS)<\/li>\n<li>prof. Andre W\u0142odarczyk (Paris Sorbonne)<\/li>\n<li>dr hab. Pawe\u0142 Polak (UPJPII)<\/li>\n<li>dr hab. S\u0142awomir Leciejewski (UAM)<\/li>\n<li>dr hab. Krzysztof So\u0142oducha (WAT)<\/li>\n<li>dr in\u017c. Pawe\u0142 Stacewicz (PW)<\/li>\n<\/ul>\n<p><strong>Wsparcie Konferencji<\/strong><\/p>\n<ul>\n<li>Katedra Filozofii Przyrody Wydzia\u0142u Filozoficznego UPJPII w Krakowie<\/li>\n<li>Instytut Filozofii Uniwersytetu im. Adama Mickiewicza w Poznaniu<\/li>\n<li>Fundacja na rzecz Informatyki, Logiki i Matematyki<\/li>\n<\/ul>\n<p><img decoding=\"async\" loading=\"lazy\" class=\"alignleft wp-image-128\" src=\"http:\/\/calculemus.org\/fi4\/wp-content\/uploads\/2018\/10\/wat2.png\" alt=\"\" width=\"133\" height=\"94\" \/><img decoding=\"async\" loading=\"lazy\" class=\"alignleft wp-image-130\" src=\"http:\/\/calculemus.org\/fi4\/wp-content\/uploads\/2018\/10\/wains.png\" alt=\"\" width=\"233\" height=\"54\" \/><\/p>\n<p><img decoding=\"async\" loading=\"lazy\" class=\"alignleft wp-image-129\" src=\"http:\/\/calculemus.org\/fi4\/wp-content\/uploads\/2018\/10\/pw.png\" alt=\"\" width=\"141\" height=\"47\" \/><img decoding=\"async\" loading=\"lazy\" class=\"alignleft wp-image-125\" src=\"http:\/\/calculemus.org\/fi4\/wp-content\/uploads\/2018\/10\/wcy.png\" alt=\"\" width=\"147\" height=\"92\" \/><img decoding=\"async\" loading=\"lazy\" class=\"alignleft wp-image-126\" src=\"http:\/\/calculemus.org\/fi4\/wp-content\/uploads\/2018\/10\/wat1.png\" alt=\"\" width=\"251\" height=\"58\" \/><img decoding=\"async\" loading=\"lazy\" class=\"alignleft wp-image-127\" src=\"http:\/\/calculemus.org\/fi4\/wp-content\/uploads\/2018\/10\/icfo1.png\" alt=\"\" width=\"170\" height=\"81\" \/><\/p>\n","protected":false},"excerpt":{"rendered":"<p>Mamy przyjemno\u015b\u0107 ju\u017c po raz czwarty zaprosi\u0107 na og\u00f3lnopolsk\u0105 konferencj\u0119 naukow\u0105 z cyklu \u201eFilozofia w informatyce\u201d, kt\u00f3ra odb\u0119dzie si\u0119 w dniach 23-24 listopada 2018 r. w Politechnice Warszawskiej i Wojskowej Akademii Technicznej w Warszawie. Temat przewodni tegorocznego spotkania to: Filozofia &hellip; <a href=\"https:\/\/calculemus.org\/fi4\/\">Czytaj dalej <span class=\"meta-nav\">&rarr;<\/span><\/a><\/p>\n","protected":false},"author":1,"featured_media":0,"parent":0,"menu_order":0,"comment_status":"closed","ping_status":"closed","template":"onecolumn-page.php","meta":[],"_links":{"self":[{"href":"https:\/\/calculemus.org\/fi4\/wp-json\/wp\/v2\/pages\/21"}],"collection":[{"href":"https:\/\/calculemus.org\/fi4\/wp-json\/wp\/v2\/pages"}],"about":[{"href":"https:\/\/calculemus.org\/fi4\/wp-json\/wp\/v2\/types\/page"}],"author":[{"embeddable":true,"href":"https:\/\/calculemus.org\/fi4\/wp-json\/wp\/v2\/users\/1"}],"replies":[{"embeddable":true,"href":"https:\/\/calculemus.org\/fi4\/wp-json\/wp\/v2\/comments?post=21"}],"version-history":[{"count":15,"href":"https:\/\/calculemus.org\/fi4\/wp-json\/wp\/v2\/pages\/21\/revisions"}],"predecessor-version":[{"id":200,"href":"https:\/\/calculemus.org\/fi4\/wp-json\/wp\/v2\/pages\/21\/revisions\/200"}],"wp:attachment":[{"href":"https:\/\/calculemus.org\/fi4\/wp-json\/wp\/v2\/media?parent=21"}],"curies":[{"name":"wp","href":"https:\/\/api.w.org\/{rel}","templated":true}]}}