{"id":32,"date":"2018-06-08T22:46:46","date_gmt":"2018-06-08T20:46:46","guid":{"rendered":"http:\/\/calculemus.org\/fi4\/?page_id=32"},"modified":"2018-11-17T09:12:19","modified_gmt":"2018-11-17T08:12:19","slug":"kontakt","status":"publish","type":"page","link":"https:\/\/calculemus.org\/fi4\/kontakt\/","title":{"rendered":"Kontakt"},"content":{"rendered":"<p>W razie jakichkolwiek pyta\u0144 prosimy o kontakt z g\u0142\u00f3wnym organizatorem Konferencji, dr in\u017c. <strong>Paw\u0142em Stacewiczem<\/strong>: <a href=\"mailto:p.stacewicz@ans.pw.edu.pl\">p.stacewicz@ans.pw.edu.pl<\/a>.<\/p>\n<p>W sk\u0142ad <strong>Rady Naukowej<\/strong> Konferencji wchodz\u0105:<br \/>\n\u2666\u00a0\u00a0 prof. Witold Marciszewski (UW)<br \/>\n\u2666\u00a0\u00a0 prof. J\u00f3zef Lubacz (PW, ICFO)<br \/>\n\u2666 \u00a0 prof. Andrzej Bi\u0142at (PW, ICFO)<br \/>\n\u2666\u00a0\u00a0 prof. Piotr Zask\u00f3rski (WAT)<br \/>\n\u2666\u00a0\u00a0 prof. Kazimierz Worwa (WAT)<br \/>\n\u2666 \u00a0 prof. Marek Hetma\u0144ski (UMCS)<br \/>\n\u2666 \u00a0 prof. Andre W\u0142odarczyk (Paris Sorbonne)<br \/>\n\u2666 \u00a0 dr hab. Pawe\u0142 Polak (UPJPII)<br \/>\n\u2666 \u00a0 dr hab. S\u0142awomir Leciejewski (UAM)<br \/>\n\u2666\u00a0\u00a0 dr hab. Krzysztof So\u0142oducha (WAT)<br \/>\n\u2666 \u00a0 dr in\u017c. Pawe\u0142 Stacewicz (PW)<\/p>\n<p>W sk\u0142ad <strong>Komitetu Organizacyjnego<\/strong> Konferencji wchodz\u0105:<br \/>\n\u2666\u00a0\u00a0 dr hab. Krzysztof So\u0142oducha (WAT)<br \/>\n\u2666\u00a0\u00a0 dr in\u017c. Pawe\u0142 Stacewicz (PW)<br \/>\n\u2666\u00a0\u00a0 dr Helena Buli\u0144ska-Stangrecka (PW)<br \/>\n\u2666\u00a0\u00a0 dr Bart\u0142omiej Skowron (PW, ICFO)<br \/>\n\u2666 \u00a0 mgr Danuta Ciszkowska (PW)<\/p>\n<p>Za <strong>stron\u0119 internetow\u0105<\/strong> Konferencji odpowiadaj\u0105:<br \/>\n\u2666\u00a0\u00a0 dr in\u017c. Pawe\u0142 Stacewicz i Jaros\u0142aw Soko\u0142owski (PW)<\/p>\n","protected":false},"excerpt":{"rendered":"<p>W razie jakichkolwiek pyta\u0144 prosimy o kontakt z g\u0142\u00f3wnym organizatorem Konferencji, dr in\u017c. Paw\u0142em Stacewiczem: p.stacewicz@ans.pw.edu.pl. W sk\u0142ad Rady Naukowej Konferencji wchodz\u0105: \u2666\u00a0\u00a0 prof. Witold Marciszewski (UW) \u2666\u00a0\u00a0 prof. J\u00f3zef Lubacz (PW, ICFO) \u2666 \u00a0 prof. Andrzej Bi\u0142at (PW, ICFO) &hellip; <a href=\"https:\/\/calculemus.org\/fi4\/kontakt\/\">Czytaj dalej <span class=\"meta-nav\">&rarr;<\/span><\/a><\/p>\n","protected":false},"author":1,"featured_media":0,"parent":0,"menu_order":0,"comment_status":"closed","ping_status":"closed","template":"onecolumn-page.php","meta":[],"_links":{"self":[{"href":"https:\/\/calculemus.org\/fi4\/wp-json\/wp\/v2\/pages\/32"}],"collection":[{"href":"https:\/\/calculemus.org\/fi4\/wp-json\/wp\/v2\/pages"}],"about":[{"href":"https:\/\/calculemus.org\/fi4\/wp-json\/wp\/v2\/types\/page"}],"author":[{"embeddable":true,"href":"https:\/\/calculemus.org\/fi4\/wp-json\/wp\/v2\/users\/1"}],"replies":[{"embeddable":true,"href":"https:\/\/calculemus.org\/fi4\/wp-json\/wp\/v2\/comments?post=32"}],"version-history":[{"count":14,"href":"https:\/\/calculemus.org\/fi4\/wp-json\/wp\/v2\/pages\/32\/revisions"}],"predecessor-version":[{"id":201,"href":"https:\/\/calculemus.org\/fi4\/wp-json\/wp\/v2\/pages\/32\/revisions\/201"}],"wp:attachment":[{"href":"https:\/\/calculemus.org\/fi4\/wp-json\/wp\/v2\/media?parent=32"}],"curies":[{"name":"wp","href":"https:\/\/api.w.org\/{rel}","templated":true}]}}