{"id":17,"date":"2022-10-10T11:38:30","date_gmt":"2022-10-10T09:38:30","guid":{"rendered":"https:\/\/calculemus.org\/fi7\/?page_id=17"},"modified":"2022-10-25T12:15:33","modified_gmt":"2022-10-25T10:15:33","slug":"organizers","status":"publish","type":"page","link":"https:\/\/calculemus.org\/fi7\/organizers\/","title":{"rendered":"Organizers"},"content":{"rendered":"\n<p><strong>Institutions:<\/strong><\/p>\n\n\n\n<ul><li><strong>Faculty of Philosophy <\/strong>at Adam Mickiewicz Universit<strong>y<\/strong>, Poznan<\/li><li><strong>Faculty of Psychology and Cognitive Sciences<\/strong> at Adam Mickiewicz University, Poznan<\/li><\/ul>\n\n\n\n<p><strong>Organising Committee:<\/strong><\/p>\n\n\n\n<ul><li>dr hab. S\u0142awomir Leciejewski, prof. UAM<\/li><li>dr hab. Pawe\u0142 \u0141upkowski, prof. UAM<\/li><li>dr Pawe\u0142 Stacewicz (PW)<\/li><li>dr Mariusz Szynkiewicz (UAM)<\/li><li>mgr Micha\u0142 Go\u0142da (UAM)<\/li><\/ul>\n","protected":false},"excerpt":{"rendered":"<p>Institutions: Faculty of Philosophy at Adam Mickiewicz University, Poznan Faculty of Psychology and Cognitive Sciences at Adam Mickiewicz University, Poznan Organising Committee: dr hab. S\u0142awomir Leciejewski, prof. UAM dr hab. Pawe\u0142 \u0141upkowski, prof. UAM dr Pawe\u0142 Stacewicz (PW) dr Mariusz &hellip; <a href=\"https:\/\/calculemus.org\/fi7\/organizers\/\">Czytaj dalej <span class=\"meta-nav\">&rarr;<\/span><\/a><\/p>\n","protected":false},"author":2,"featured_media":0,"parent":0,"menu_order":0,"comment_status":"closed","ping_status":"closed","template":"onecolumn-page.php","meta":[],"_links":{"self":[{"href":"https:\/\/calculemus.org\/fi7\/wp-json\/wp\/v2\/pages\/17"}],"collection":[{"href":"https:\/\/calculemus.org\/fi7\/wp-json\/wp\/v2\/pages"}],"about":[{"href":"https:\/\/calculemus.org\/fi7\/wp-json\/wp\/v2\/types\/page"}],"author":[{"embeddable":true,"href":"https:\/\/calculemus.org\/fi7\/wp-json\/wp\/v2\/users\/2"}],"replies":[{"embeddable":true,"href":"https:\/\/calculemus.org\/fi7\/wp-json\/wp\/v2\/comments?post=17"}],"version-history":[{"count":3,"href":"https:\/\/calculemus.org\/fi7\/wp-json\/wp\/v2\/pages\/17\/revisions"}],"predecessor-version":[{"id":45,"href":"https:\/\/calculemus.org\/fi7\/wp-json\/wp\/v2\/pages\/17\/revisions\/45"}],"wp:attachment":[{"href":"https:\/\/calculemus.org\/fi7\/wp-json\/wp\/v2\/media?parent=17"}],"curies":[{"name":"wp","href":"https:\/\/api.w.org\/{rel}","templated":true}]}}